{"id":16,"date":"2012-04-06T12:53:00","date_gmt":"2012-04-06T12:53:00","guid":{"rendered":"http:\/\/www.ksi-bauer-schraube.de\/wordpress\/?page_id=16"},"modified":"2017-01-18T18:33:32","modified_gmt":"2017-01-18T18:33:32","slug":"die-ksi-bauer-schraube-gmb","status":"publish","type":"page","link":"https:\/\/www.ksi-bauer-schraube.de\/wordpress\/unternehmen\/die-ksi-bauer-schraube-gmb\/","title":{"rendered":"Die KSI Bauer-Schraube GmbH"},"content":{"rendered":"<div class=\"wpb-content-wrapper\"><p>[vc_row top=&#8220;0px&#8220; bottom=&#8220;30px&#8220;][vc_column][vc_row_inner][vc_column_inner][vc_single_image image=&#8220;386&#8243; img_size=&#8220;full&#8220; alignment=&#8220;center&#8220; style=&#8220;vc_box_border&#8220;][\/vc_column_inner][\/vc_row_inner][\/vc_column][\/vc_row][vc_row top=&#8220;10px&#8220; bottom=&#8220;10px&#8220;][vc_column width=&#8220;1\/3&#8243;][vc_single_image image=&#8220;135&#8243; img_size=&#8220;300&#215;376&#8243; style=&#8220;vc_box_border&#8220;][vc_empty_space height=&#8220;10px&#8220;][vc_custom_heading text=&#8220;Gesch\u00e4ftsf\u00fchrerinn Andrea Bauer<br \/>\nund Renate Bauer-K\u00fcchle&#8220; font_container=&#8220;tag:h5|text_align:left&#8220; use_theme_fonts=&#8220;yes&#8220;][\/vc_column][vc_column width=&#8220;2\/3&#8243;][vc_service icon_name=&#8220;fa-quote-left&#8220; title=&#8220;Aus der Praxis f\u00fcr die Praxis!&#8220; icon_color=&#8220;#e5e5e5&#8243;]Kern des heutigen KSI Teams sind die T\u00f6chter des Gr\u00fcnders: Andrea Bauer und Renate Bauer-K\u00fcchle. Die Gesch\u00e4ftf\u00fchrerinnen implantieren aktiv und blicken gemeinsam auf \u00fcber 30 Jahre Erfahrung mit den KSI Systemen zur\u00fcck! Erg\u00e4nzt wird das Implantologen-Team durch 2 Zahntechniker-Meister aus dem firmeninternen Dental-Labor. Profitieren auch Sie von dieser engen Verbindung aus praktischer Anwendung und Entwicklungs-Arbeit![\/vc_service][vc_empty_space height=&#8220;14px&#8220;][vc_separator style=&#8220;simple&#8220;][vc_empty_space height=&#8220;14px&#8220;][vc_service icon_name=&#8220;fa-quote-left&#8220; title=&#8220;Im Mittelpunkt steht Ihr Patient!&#8220; icon_color=&#8220;#e5e5e5&#8243;]Die Geschichte der KSI Bauer-Schraube GmbH begann bereits vor \u00fcber 40 Jahren! Firmengr\u00fcnder Prof. P. E. Ernst Bauer sammelte ab 1970, dem Gr\u00fcndungsjahr der DGZI, intensive Erfahrungen mit allen damals am Markt verf\u00fcgbaren Systemen. Dabei wurde im rasch bewusst, dass die Insertion gro\u00dfvolumiger Implantate grunds\u00e4tzlich immer mit einem gro\u00dfen operativen Eingriff und entsprechenden postoperativen Beschwerden verbunden war. Da f\u00fcr Ernst Bauer immer der Patient im Mittelpunkt stand, setze er alles an die Entwicklung einer patientenfreundlichen L\u00f6sung.[\/vc_service][vc_empty_space height=&#8220;14px&#8220;][vc_separator style=&#8220;simple&#8220;][vc_empty_space height=&#8220;14px&#8220;][vc_service icon_name=&#8220;fa-quote-left&#8220; title=&#8220;Patientenfreundlich, einfach und preiswert!&#8220; icon_color=&#8220;#e5e5e5&#8243;]Nach intensiver Forschung stellte Ernst Bauer 1986 die KSI Bauer-Schraube vor. Das kleinvolumige Implantat kann dank atraumatischer Handhabung sofort belastet und direkt mit definitivem Zahnersatz versorgt werden. R\u00fcckblickend kann diese Entwicklung Heute als absolut richtungweisend bezeichnet werden![\/vc_service][\/vc_column][\/vc_row]<\/p>\n<\/div>","protected":false},"excerpt":{"rendered":"<p>[vc_row top=&#8220;0px&#8220; bottom=&#8220;30px&#8220;][vc_column][vc_row_inner][vc_column_inner][vc_single_image image=&#8220;386&#8243; img_size=&#8220;full&#8220; alignment=&#8220;center&#8220; style=&#8220;vc_box_border&#8220;][\/vc_column_inner][\/vc_row_inner][\/vc_column][\/vc_row][vc_row top=&#8220;10px&#8220; bottom=&#8220;10px&#8220;][vc_column width=&#8220;1\/3&#8243;][vc_single_image image=&#8220;135&#8243; img_size=&#8220;300&#215;376&#8243; style=&#8220;vc_box_border&#8220;][vc_empty_space height=&#8220;10px&#8220;][vc_custom_heading text=&#8220;Gesch\u00e4ftsf\u00fchrerinn Andrea Bauer und Renate Bauer-K\u00fcchle&#8220; font_container=&#8220;tag:h5|text_align:left&#8220; use_theme_fonts=&#8220;yes&#8220;][\/vc_column][vc_column width=&#8220;2\/3&#8243;][vc_service icon_name=&#8220;fa-quote-left&#8220; title=&#8220;Aus der Praxis f\u00fcr die Praxis!&#8220; icon_color=&#8220;#e5e5e5&#8243;]Kern des heutigen KSI Teams sind die T\u00f6chter des Gr\u00fcnders: Andrea Bauer und Renate Bauer-K\u00fcchle. Die Gesch\u00e4ftf\u00fchrerinnen implantieren aktiv und blicken gemeinsam auf \u00fcber 30 [&hellip;]<\/p>\n","protected":false},"author":1,"featured_media":0,"parent":14,"menu_order":0,"comment_status":"open","ping_status":"open","template":"","meta":{"footnotes":""},"_links":{"self":[{"href":"https:\/\/www.ksi-bauer-schraube.de\/wordpress\/wp-json\/wp\/v2\/pages\/16"}],"collection":[{"href":"https:\/\/www.ksi-bauer-schraube.de\/wordpress\/wp-json\/wp\/v2\/pages"}],"about":[{"href":"https:\/\/www.ksi-bauer-schraube.de\/wordpress\/wp-json\/wp\/v2\/types\/page"}],"author":[{"embeddable":true,"href":"https:\/\/www.ksi-bauer-schraube.de\/wordpress\/wp-json\/wp\/v2\/users\/1"}],"replies":[{"embeddable":true,"href":"https:\/\/www.ksi-bauer-schraube.de\/wordpress\/wp-json\/wp\/v2\/comments?post=16"}],"version-history":[{"count":141,"href":"https:\/\/www.ksi-bauer-schraube.de\/wordpress\/wp-json\/wp\/v2\/pages\/16\/revisions"}],"predecessor-version":[{"id":1506,"href":"https:\/\/www.ksi-bauer-schraube.de\/wordpress\/wp-json\/wp\/v2\/pages\/16\/revisions\/1506"}],"up":[{"embeddable":true,"href":"https:\/\/www.ksi-bauer-schraube.de\/wordpress\/wp-json\/wp\/v2\/pages\/14"}],"wp:attachment":[{"href":"https:\/\/www.ksi-bauer-schraube.de\/wordpress\/wp-json\/wp\/v2\/media?parent=16"}],"curies":[{"name":"wp","href":"https:\/\/api.w.org\/{rel}","templated":true}]}}