{"id":18,"date":"2012-04-06T12:53:48","date_gmt":"2012-04-06T12:53:48","guid":{"rendered":"http:\/\/www.ksi-bauer-schraube.de\/wordpress\/?page_id=18"},"modified":"2017-01-24T10:32:19","modified_gmt":"2017-01-24T10:32:19","slug":"unsere-philosophie","status":"publish","type":"page","link":"https:\/\/www.ksi-bauer-schraube.de\/wordpress\/unternehmen\/unsere-philosophie\/","title":{"rendered":"Unsere Philosophie"},"content":{"rendered":"<div class=\"wpb-content-wrapper\"><p>[vc_row top=&#8220;0px&#8220; bottom=&#8220;10px&#8220;][vc_column][vc_single_image image=&#8220;1072&#8243; img_size=&#8220;full&#8220; alignment=&#8220;center&#8220;][\/vc_column][\/vc_row][vc_row top=&#8220;30px&#8220; bottom=&#8220;0px&#8220;][vc_column][vc_empty_space][vc_separator style=&#8220;shadow&#8220;][\/vc_column][\/vc_row][vc_row top=&#8220;30px&#8220; bottom=&#8220;50px&#8220;][vc_column width=&#8220;1\/3&#8243;][vc_single_image image=&#8220;668&#8243; img_size=&#8220;medium&#8220; style=&#8220;vc_box_border&#8220;][\/vc_column][vc_column width=&#8220;2\/3&#8243;][vc_column_text]<\/p>\n<h3 style=\"color: #eb0772;\">Praxis-Erfahrung:<\/h3>\n<h3>Nur Praktiker k\u00f6nnen ein System f\u00fcr Praktiker anbieten!<\/h3>\n<p>Das Implantologen Team der KSI Bauer-Schraube ist t\u00e4glich aktiv und nutzt die praktische Erfahrung zur permanenten Verbesserung unserer Implantat-Systeme. Zus\u00e4tzlich findet ein kontinuierlicher Austausch mit unserem Zahntechniker-Team statt. So f\u00fchren wir in unserem Bad Nauheimer Stammhaus Forschung und Praxis zusammen \u2013 f\u00fcr ein optimales Ergebnis![\/vc_column_text][\/vc_column][\/vc_row][vc_row top=&#8220;30px&#8220; bottom=&#8220;50px&#8220;][vc_column width=&#8220;1\/3&#8243;][vc_single_image image=&#8220;410&#8243; img_size=&#8220;medium&#8220; style=&#8220;vc_box_border&#8220;][\/vc_column][vc_column width=&#8220;2\/3&#8243;][vc_column_text]<\/p>\n<h3 style=\"color: #eb0772;\">Beratung &amp; Service:<\/h3>\n<h3>Wir sehen unsere Kunden als langfristige Partner!<\/h3>\n<p>F\u00fcr viele Anbieter endet der Service mit dem Kauf, f\u00fcr uns geht es jetzt erst los. Anwender sind f\u00fcr uns Partner, denen wir immer gerne zur Verf\u00fcgung stehen!<br \/>\n<strong>Sie haben eine Frage?<\/strong> \u00dcber unsere Service-Hotline stehen Ihnen Zahn\u00e4rzte oder Zahntechniker kurzfristig zur Verf\u00fcgung.<br \/>\n<strong>Sie m\u00f6chten sich zu einem Fall austauschen?<\/strong> Lassen Sie uns die R\u00f6ntgenbilder zukommen, unsere Implantologen melden sich so rasch wie m\u00f6glich!<br \/>\n<strong>Sie arbeiten zum ersten mal mit einem KSI-System?<\/strong> Vereinbaren Sie gerne einen Termin, zu dem einer unserer Zahn\u00e4rzte direkt telefonisch erreichbar ist. W\u00e4hrend Ihrer OP, ohne Zeitverlust! Nat\u00fcrlich laden wir Sie auch gerne mit Ihrem Patienten nach Bad Nauheim ein oder besuchen Sie in Ihrer Praxis und unterst\u00fctzen Sie bei der Implantation.[\/vc_column_text][\/vc_column][\/vc_row][vc_row top=&#8220;30px&#8220; bottom=&#8220;50px&#8220;][vc_column width=&#8220;1\/3&#8243;][vc_single_image image=&#8220;206&#8243; img_size=&#8220;medium&#8220; style=&#8220;vc_box_border&#8220;][\/vc_column][vc_column width=&#8220;2\/3&#8243;][vc_column_text]<\/p>\n<h3 style=\"color: #eb0772;\">Intensiver Austausch:<\/h3>\n<h3>Inspiration schafft Innovation!<\/h3>\n<p>KSI Fortbildungskurse leiten grunds\u00e4tzlich die Gesch\u00e4ftsf\u00fchrerinnen Andrea Bauer und Renate Bauer-K\u00fcchle. Nat\u00fcrlich nicht als \u201eDozenten\u201c, sondern als Kolleginnen! Im Fokus steht ein pers\u00f6nlicher Austausch, bei dem wir die Bed\u00fcrfnisse anderer Praktiker kennen lernen: f\u00fcr uns der wichtigste Baustein f\u00fcr eine optimale Entwicklungsarbeit![\/vc_column_text][\/vc_column][\/vc_row][vc_row top=&#8220;10px&#8220; bottom=&#8220;10px&#8220;][vc_column][vc_separator style=&#8220;shadow&#8220;][\/vc_column][\/vc_row]<\/p>\n<\/div>","protected":false},"excerpt":{"rendered":"<p>[vc_row top=&#8220;0px&#8220; bottom=&#8220;10px&#8220;][vc_column][vc_single_image image=&#8220;1072&#8243; img_size=&#8220;full&#8220; alignment=&#8220;center&#8220;][\/vc_column][\/vc_row][vc_row top=&#8220;30px&#8220; bottom=&#8220;0px&#8220;][vc_column][vc_empty_space][vc_separator style=&#8220;shadow&#8220;][\/vc_column][\/vc_row][vc_row top=&#8220;30px&#8220; bottom=&#8220;50px&#8220;][vc_column width=&#8220;1\/3&#8243;][vc_single_image image=&#8220;668&#8243; img_size=&#8220;medium&#8220; style=&#8220;vc_box_border&#8220;][\/vc_column][vc_column width=&#8220;2\/3&#8243;][vc_column_text] Praxis-Erfahrung: Nur Praktiker k\u00f6nnen ein System f\u00fcr Praktiker anbieten! Das Implantologen Team der KSI Bauer-Schraube ist t\u00e4glich aktiv und nutzt die praktische Erfahrung zur permanenten Verbesserung unserer Implantat-Systeme. Zus\u00e4tzlich findet ein kontinuierlicher Austausch mit unserem Zahntechniker-Team statt. So f\u00fchren [&hellip;]<\/p>\n","protected":false},"author":1,"featured_media":0,"parent":14,"menu_order":0,"comment_status":"open","ping_status":"open","template":"","meta":{"footnotes":""},"_links":{"self":[{"href":"https:\/\/www.ksi-bauer-schraube.de\/wordpress\/wp-json\/wp\/v2\/pages\/18"}],"collection":[{"href":"https:\/\/www.ksi-bauer-schraube.de\/wordpress\/wp-json\/wp\/v2\/pages"}],"about":[{"href":"https:\/\/www.ksi-bauer-schraube.de\/wordpress\/wp-json\/wp\/v2\/types\/page"}],"author":[{"embeddable":true,"href":"https:\/\/www.ksi-bauer-schraube.de\/wordpress\/wp-json\/wp\/v2\/users\/1"}],"replies":[{"embeddable":true,"href":"https:\/\/www.ksi-bauer-schraube.de\/wordpress\/wp-json\/wp\/v2\/comments?post=18"}],"version-history":[{"count":77,"href":"https:\/\/www.ksi-bauer-schraube.de\/wordpress\/wp-json\/wp\/v2\/pages\/18\/revisions"}],"predecessor-version":[{"id":194,"href":"https:\/\/www.ksi-bauer-schraube.de\/wordpress\/wp-json\/wp\/v2\/pages\/18\/revisions\/194"}],"up":[{"embeddable":true,"href":"https:\/\/www.ksi-bauer-schraube.de\/wordpress\/wp-json\/wp\/v2\/pages\/14"}],"wp:attachment":[{"href":"https:\/\/www.ksi-bauer-schraube.de\/wordpress\/wp-json\/wp\/v2\/media?parent=18"}],"curies":[{"name":"wp","href":"https:\/\/api.w.org\/{rel}","templated":true}]}}