{"id":20,"date":"2012-04-06T12:54:19","date_gmt":"2012-04-06T12:54:19","guid":{"rendered":"http:\/\/www.ksi-bauer-schraube.de\/wordpress\/?page_id=20"},"modified":"2017-01-19T08:30:40","modified_gmt":"2017-01-19T08:30:40","slug":"historie","status":"publish","type":"page","link":"https:\/\/www.ksi-bauer-schraube.de\/wordpress\/unternehmen\/historie\/","title":{"rendered":"Historie"},"content":{"rendered":"<div class=\"wpb-content-wrapper\"><p>[vc_row top=&#8220;0px&#8220; bottom=&#8220;10px&#8220;][vc_column width=&#8220;1\/3&#8243;][vc_single_image image=&#8220;239&#8243; img_size=&#8220;full&#8220; add_caption=&#8220;yes&#8220; style=&#8220;vc_box_border&#8220;][\/vc_column][vc_column width=&#8220;2\/3&#8243;][vc_heading title=&#8220;Prof. P. E. Ernst Bauer (1917-2000)&#8220; subtitle=&#8220;Gr\u00fcnder der KSI-Bauer-Schraube GmbH&#8220; position=&#8220;left&#8220;][vc_testimonial_slider style=&#8220;testimonials-style-2&#8243;][vc_testimonial name=&#8220;&#8220; author_dec=&#8220;&#8220; position=&#8220;Designer&#8220;]Eine starke Pers\u00f6nlichkeit, ein \u00fcberzeugendes Implantatsystem, eine feste Gr\u00f6\u00dfe im Markt: Die Firma KSI-Bauer-Schraube GmbH wurde vor 30 Jahren von Prof. P. E. Ernst Bauer gegr\u00fcndet.[\/vc_testimonial][\/vc_testimonial_slider][\/vc_column][\/vc_row][vc_row bottom=&#8220;20px&#8220;][vc_column][vc_custom_heading text=&#8220;Die Erfolgsgeschichte Geschichte der KSI Bauer-Schraube GmbH&#8220; font_container=&#8220;tag:h1|text_align:left&#8220; use_theme_fonts=&#8220;yes&#8220;][vc_tta_tabs style=&#8220;modern&#8220; shape=&#8220;square&#8220; spacing=&#8220;3&#8243; gap=&#8220;3&#8243; active_section=&#8220;1&#8243; css=&#8220;.vc_custom_1484813085601{margin-bottom: 20px !important;}&#8220;][vc_tta_section title=&#8220;1973&#8243; tab_id=&#8220;1484812110737-bc8ca32f-e000&#8243;][vc_column_text]Prof. Ernst Bauer wird implantologisch aktiv und tritt der DEZI bei.[\/vc_column_text][\/vc_tta_section][vc_tta_section title=&#8220;1982&#8243; tab_id=&#8220;1484812110751-fb2f9fef-1dba&#8220;][vc_column_text]Nach 9 Jahren Implantologie mit allen verf\u00fcgbaren Systemen beginnt Prof. Bauer mit der Entwicklung des eigenen Implantatsystems \u201eKSI Bauer-Schraube.[\/vc_column_text][\/vc_tta_section][vc_tta_section title=&#8220;1986&#8243; tab_id=&#8220;1484812287347-2cf6c0a5-ea35&#8243;][vc_column_text]Er\u00f6ffnung des Forschungs- und Fortbildungszentrums f\u00fcr Implantologie in Bad Nauheim.[\/vc_column_text][\/vc_tta_section][vc_tta_section title=&#8220;1988&#8243; tab_id=&#8220;1484812320840-bfb99300-d756&#8243;][vc_column_text]Markteinf\u00fchrung der KSI Bauer-Schraube.[\/vc_column_text][\/vc_tta_section][vc_tta_section title=&#8220;2000&#8243; tab_id=&#8220;1484812361452-bbe2b57c-b432&#8243;][vc_column_text]Verst\u00e4rkt Einf\u00fchrung von Wettbewerbs-Produkten auf Basis des minimalinvasiven Verfahrens. \u00dcbergabe der Unternehmensleitung an die aktiven Implantologinnen Andrea Bauer und Renate-Bauer K\u00fcchle.[\/vc_column_text][\/vc_tta_section][vc_tta_section title=&#8220;2001&#8243; tab_id=&#8220;1484812398519-dabf063f-1087&#8243;][vc_column_text]Einf\u00fchrung des KSI Kugelkopf-Implantats.[\/vc_column_text][\/vc_tta_section][vc_tta_section title=&#8220;2008&#8243; tab_id=&#8220;1484812433085-9d17b8af-e2b4&#8243;][vc_column_text]Anerkennung des minimalinvasiven Verfahrens in der Fachpresse.[\/vc_column_text][\/vc_tta_section][vc_tta_section title=&#8220;2011&#8243; tab_id=&#8220;1484812473858-c2da577b-58fd&#8220;][vc_column_text]Einf\u00fchrung des zweiteiligen Systems KSI II.[\/vc_column_text][\/vc_tta_section][\/vc_tta_tabs][vc_empty_space][vc_separator style=&#8220;simple&#8220;][vc_empty_space][vc_custom_heading text=&#8220;Der Erfinder Prof. Ernst Bauer&#8220; font_container=&#8220;tag:h1|text_align:left&#8220; use_theme_fonts=&#8220;yes&#8220;][vc_tta_tabs style=&#8220;modern&#8220; shape=&#8220;square&#8220; spacing=&#8220;3&#8243; gap=&#8220;3&#8243; active_section=&#8220;1&#8243; css=&#8220;.vc_custom_1484813085601{margin-bottom: 20px !important;}&#8220;][vc_tta_section title=&#8220;1936&#8243; tab_id=&#8220;1484813135745-55c86079-36ee&#8220;][vc_column_text]Ausbildung zum Zahntechniker und T\u00e4tigkeit in Merlan\/Italien und Berlin.[\/vc_column_text][\/vc_tta_section][vc_tta_section title=&#8220;1944&#8243; tab_id=&#8220;1484813135909-3e5b8b63-0a04&#8243;][vc_column_text]Zahn\u00e4rztliches Staatsexamen.[\/vc_column_text][\/vc_tta_section][vc_tta_section title=&#8220;1947&#8243; tab_id=&#8220;1484813136062-0535b3d1-8055&#8243;][vc_column_text]Mitarbeiter in der Zahnklinik Prof. Dr. Dr. Fritz Singer in Meran.[\/vc_column_text][\/vc_tta_section][vc_tta_section title=&#8220;1956&#8243; tab_id=&#8220;1484813136216-fc64fd6b-1069&#8243;][vc_column_text]Nominierung zum Dr. h. c. durch die Akademie f\u00fcr Kunst und Wissenschaft in Rom\/Italien.[\/vc_column_text][\/vc_tta_section][vc_tta_section title=&#8220;1962&#8243; tab_id=&#8220;1484813136367-5ec1dc43-a35f&#8220;][vc_column_text]\u00dcbernahme der Praxis Dr. Atta in Bad Nauheim.[\/vc_column_text][\/vc_tta_section][vc_tta_section title=&#8220;1973&#8243; tab_id=&#8220;1484813136517-4717fa33-fdfb&#8220;][vc_column_text]Aufnahme implantologischer T\u00e4tigkeit und Betritt in die DEZI.[\/vc_column_text][\/vc_tta_section][vc_tta_section title=&#8220;1982&#8243; tab_id=&#8220;1484813136665-349135a5-245c&#8220;][vc_column_text]Entwicklung des eigenen Implantatsystems \u201eKSI Bauer-Schraube.[\/vc_column_text][\/vc_tta_section][vc_tta_section title=&#8220;1983&#8243; tab_id=&#8220;1484813136817-96db8573-5fc9&#8243;][vc_column_text]Implantologische Vortr\u00e4ge im In- und Ausland, auch als Fortbildungsreferent der DGZI.[\/vc_column_text][\/vc_tta_section][vc_tta_section title=&#8220;1985&#8243; tab_id=&#8220;1484813457951-f21a942b-c4a7&#8243;][vc_column_text]Professor Associ\u00e9 de Implantation durch die Universit\u00e4t Europenne du Travail \u201eUET&#8220; in Br\u00fcssel\/Belgien.[\/vc_column_text][\/vc_tta_section][vc_tta_section title=&#8220;1986&#8243; tab_id=&#8220;1484813491342-03a676a0-3f0e&#8220;][vc_column_text]Er\u00f6ffnung des Forschungs- und Fortbildungszentrums f\u00fcr Implantologie in Bad Nauheim.[\/vc_column_text][\/vc_tta_section][vc_tta_section title=&#8220;1987&#8243; tab_id=&#8220;1484813520235-cc5ab382-9f1a&#8220;][vc_column_text]Verleihung einer Professur durch die Universit\u00e4t Lima.[\/vc_column_text][\/vc_tta_section][vc_tta_section title=&#8220;1988 &#8211; 2000&#8243; tab_id=&#8220;1484813547281-8b427251-5a7d&#8220;][vc_column_text]1988 &#8211; Verleihung eines Lehrstuhls an der FAC Odontologie in Bolivien.<br \/>\n2000 &#8211; 30j\u00e4hrige DGZI Mitgliedschaft noch w\u00e4hrend aktiven Praxist\u00e4tigkeit.[\/vc_column_text][\/vc_tta_section][\/vc_tta_tabs][vc_empty_space][vc_separator style=&#8220;simple&#8220;][vc_empty_space][vc_images_carousel images=&#8220;1141,1142,1139,1145,1144,1143,663,1023&#8243; img_size=&#8220;full&#8220; speed=&#8220;7000&#8243; slides_per_view=&#8220;4&#8243; autoplay=&#8220;yes&#8220; hide_pagination_control=&#8220;yes&#8220; hide_prev_next_buttons=&#8220;yes&#8220; wrap=&#8220;yes&#8220;][\/vc_column][\/vc_row]<\/p>\n<\/div>","protected":false},"excerpt":{"rendered":"<p>[vc_row top=&#8220;0px&#8220; bottom=&#8220;10px&#8220;][vc_column width=&#8220;1\/3&#8243;][vc_single_image image=&#8220;239&#8243; img_size=&#8220;full&#8220; add_caption=&#8220;yes&#8220; style=&#8220;vc_box_border&#8220;][\/vc_column][vc_column width=&#8220;2\/3&#8243;][vc_heading title=&#8220;Prof. P. E. Ernst Bauer (1917-2000)&#8220; subtitle=&#8220;Gr\u00fcnder der KSI-Bauer-Schraube GmbH&#8220; position=&#8220;left&#8220;][vc_testimonial_slider style=&#8220;testimonials-style-2&#8243;][vc_testimonial name=&#8220;&#8220; author_dec=&#8220;&#8220; position=&#8220;Designer&#8220;]Eine starke Pers\u00f6nlichkeit, ein \u00fcberzeugendes Implantatsystem, eine feste Gr\u00f6\u00dfe im Markt: Die Firma KSI-Bauer-Schraube GmbH wurde vor 30 Jahren von Prof. P. E. Ernst Bauer gegr\u00fcndet.[\/vc_testimonial][\/vc_testimonial_slider][\/vc_column][\/vc_row][vc_row bottom=&#8220;20px&#8220;][vc_column][vc_custom_heading text=&#8220;Die Erfolgsgeschichte Geschichte der KSI [&hellip;]<\/p>\n","protected":false},"author":1,"featured_media":0,"parent":14,"menu_order":0,"comment_status":"open","ping_status":"open","template":"","meta":{"footnotes":""},"_links":{"self":[{"href":"https:\/\/www.ksi-bauer-schraube.de\/wordpress\/wp-json\/wp\/v2\/pages\/20"}],"collection":[{"href":"https:\/\/www.ksi-bauer-schraube.de\/wordpress\/wp-json\/wp\/v2\/pages"}],"about":[{"href":"https:\/\/www.ksi-bauer-schraube.de\/wordpress\/wp-json\/wp\/v2\/types\/page"}],"author":[{"embeddable":true,"href":"https:\/\/www.ksi-bauer-schraube.de\/wordpress\/wp-json\/wp\/v2\/users\/1"}],"replies":[{"embeddable":true,"href":"https:\/\/www.ksi-bauer-schraube.de\/wordpress\/wp-json\/wp\/v2\/comments?post=20"}],"version-history":[{"count":51,"href":"https:\/\/www.ksi-bauer-schraube.de\/wordpress\/wp-json\/wp\/v2\/pages\/20\/revisions"}],"predecessor-version":[{"id":230,"href":"https:\/\/www.ksi-bauer-schraube.de\/wordpress\/wp-json\/wp\/v2\/pages\/20\/revisions\/230"}],"up":[{"embeddable":true,"href":"https:\/\/www.ksi-bauer-schraube.de\/wordpress\/wp-json\/wp\/v2\/pages\/14"}],"wp:attachment":[{"href":"https:\/\/www.ksi-bauer-schraube.de\/wordpress\/wp-json\/wp\/v2\/media?parent=20"}],"curies":[{"name":"wp","href":"https:\/\/api.w.org\/{rel}","templated":true}]}}