{"id":26,"date":"2012-04-06T12:56:08","date_gmt":"2012-04-06T12:56:08","guid":{"rendered":"http:\/\/www.ksi-bauer-schraube.de\/wordpress\/?page_id=26"},"modified":"2017-01-19T16:22:07","modified_gmt":"2017-01-19T16:22:07","slug":"ksi-ii","status":"publish","type":"page","link":"https:\/\/www.ksi-bauer-schraube.de\/wordpress\/systeme\/ksi-ii\/","title":{"rendered":"KSI II"},"content":{"rendered":"<div class=\"wpb-content-wrapper\"><p>[vc_row top=&#8220;0px&#8220; bottom=&#8220;10px&#8220;][vc_column][vc_single_image image=&#8220;1165&#8243; img_size=&#8220;full&#8220;][\/vc_column][\/vc_row][vc_row top=&#8220;0px&#8220; bottom=&#8220;10px&#8220;][vc_column width=&#8220;2\/3&#8243;][vc_column_text]<\/p>\n<h1 style=\"color: #3399ff;\">KSI II<\/h1>\n<h2 style=\"color: #eb0772;\">Was ist die KSI-Bauer-Schraube?<\/h2>\n<p>Die Abk\u00fcrzung KSI steht f\u00fcr Kompressions-Schrauben-Implantat und bezeichnet das Grundkonzept unseres Implantatsystems. Das speziell entwickelte und patentierte Kompressionsgewinde erm\u00f6glicht die prim\u00e4re Stabilit\u00e4t und sofortige Belastbarkeit des Implantates. Die Spongiosa wird w\u00e4hrend der Insertion gleichm\u00e4\u00dfig radial verdr\u00e4ngt und komprimiert, aber nicht zerst\u00f6rt. Somit werden die Rundungen zwischen den Gewindewendeln ausgef\u00fcllt, so dass keine Leerr\u00e4ume auftreten k\u00f6nnen. Das selbstschneidende Kompressionsgewinde sowie die Konizit\u00e4t des Implantatk\u00f6rpers setzt die kontaktierte spongi\u00f6se Knochensubstanz unter einen allm\u00e4hlich aufsteigenden Pressdruck. Daraus ergibt sich die sogenannte Presspassung, welche die Voraussetzung f\u00fcr Prim\u00e4rstabilit\u00e4t und sofortige Belastbarkeit ist.<\/p>\n<p>Dabei bewirkt das Mikrogewinde im krestalen Bereich eine gr\u00f6\u00dfere Kontaktfl\u00e4che zum Knochen, was die Prim\u00e4rstabilit\u00e4t auch bei schwierigen Knochenqualit\u00e4ten gew\u00e4hrleistet.[\/vc_column_text][\/vc_column][vc_column width=&#8220;1\/3&#8243;][vc_empty_space height=&#8220;72px&#8220;][vc_single_image image=&#8220;1168&#8243; img_size=&#8220;150&#215;320&#8243;][\/vc_column][\/vc_row]<\/p>\n<\/div>","protected":false},"excerpt":{"rendered":"<p>[vc_row top=&#8220;0px&#8220; bottom=&#8220;10px&#8220;][vc_column][vc_single_image image=&#8220;1165&#8243; img_size=&#8220;full&#8220;][\/vc_column][\/vc_row][vc_row top=&#8220;0px&#8220; bottom=&#8220;10px&#8220;][vc_column width=&#8220;2\/3&#8243;][vc_column_text] KSI II Was ist die KSI-Bauer-Schraube? Die Abk\u00fcrzung KSI steht f\u00fcr Kompressions-Schrauben-Implantat und bezeichnet das Grundkonzept unseres Implantatsystems. Das speziell entwickelte und patentierte Kompressionsgewinde erm\u00f6glicht die prim\u00e4re Stabilit\u00e4t und sofortige Belastbarkeit des Implantates. Die Spongiosa wird w\u00e4hrend der Insertion gleichm\u00e4\u00dfig radial verdr\u00e4ngt und komprimiert, aber nicht zerst\u00f6rt. [&hellip;]<\/p>\n","protected":false},"author":1,"featured_media":0,"parent":22,"menu_order":0,"comment_status":"open","ping_status":"open","template":"page-left-sidebar.php","meta":{"footnotes":""},"_links":{"self":[{"href":"https:\/\/www.ksi-bauer-schraube.de\/wordpress\/wp-json\/wp\/v2\/pages\/26"}],"collection":[{"href":"https:\/\/www.ksi-bauer-schraube.de\/wordpress\/wp-json\/wp\/v2\/pages"}],"about":[{"href":"https:\/\/www.ksi-bauer-schraube.de\/wordpress\/wp-json\/wp\/v2\/types\/page"}],"author":[{"embeddable":true,"href":"https:\/\/www.ksi-bauer-schraube.de\/wordpress\/wp-json\/wp\/v2\/users\/1"}],"replies":[{"embeddable":true,"href":"https:\/\/www.ksi-bauer-schraube.de\/wordpress\/wp-json\/wp\/v2\/comments?post=26"}],"version-history":[{"count":29,"href":"https:\/\/www.ksi-bauer-schraube.de\/wordpress\/wp-json\/wp\/v2\/pages\/26\/revisions"}],"predecessor-version":[{"id":1584,"href":"https:\/\/www.ksi-bauer-schraube.de\/wordpress\/wp-json\/wp\/v2\/pages\/26\/revisions\/1584"}],"up":[{"embeddable":true,"href":"https:\/\/www.ksi-bauer-schraube.de\/wordpress\/wp-json\/wp\/v2\/pages\/22"}],"wp:attachment":[{"href":"https:\/\/www.ksi-bauer-schraube.de\/wordpress\/wp-json\/wp\/v2\/media?parent=26"}],"curies":[{"name":"wp","href":"https:\/\/api.w.org\/{rel}","templated":true}]}}