{"id":28,"date":"2012-04-06T13:08:46","date_gmt":"2012-04-06T13:08:46","guid":{"rendered":"http:\/\/www.ksi-bauer-schraube.de\/wordpress\/?page_id=28"},"modified":"2017-01-19T19:50:09","modified_gmt":"2017-01-19T19:50:09","slug":"fortbildung","status":"publish","type":"page","link":"https:\/\/www.ksi-bauer-schraube.de\/wordpress\/fortbildung\/","title":{"rendered":"Fortbildung"},"content":{"rendered":"<div class=\"wpb-content-wrapper\"><p>[vc_row top=&#8220;0px&#8220; bottom=&#8220;30px&#8220;][vc_column][vc_column_text]<\/p>\n<h2>Profitieren Sie von unseren Bad Nauheimer Implantologie-Wochenenden:<\/h2>\n<p>Unsere Theorie-Praxis-Intensivseminare erstrecken sich jeweils \u00fcber ein Wochende.<br \/>\nDabei garantieren Ihnen die Referentinnen Andrea Bauer und Renate Bauer-K\u00fcchle als aktive Implantologen vor allem einen hohen Praxisbezug.<\/p>\n<p>Erfahren Sie alles \u00fcber die Vorteile und M\u00f6glichkeiten der minimalinvasiven Implantologie mit den KSI Systemen in einem einem kompakten Kurs. Direkt von den Entwicklern![\/vc_column_text][vc_empty_space][vc_separator style=&#8220;simple&#8220;][\/vc_column][\/vc_row][vc_row top=&#8220;10px&#8220; bottom=&#8220;20px&#8220;][vc_column][vc_images_carousel images=&#8220;663,670,109,666,368,669,668,665,664,206&#8243; img_size=&#8220;&#8220; slides_per_view=&#8220;4&#8243; autoplay=&#8220;yes&#8220; hide_pagination_control=&#8220;yes&#8220; hide_prev_next_buttons=&#8220;yes&#8220; wrap=&#8220;yes&#8220;][\/vc_column][\/vc_row][vc_row top=&#8220;10px&#8220; bottom=&#8220;10px&#8220;][vc_column width=&#8220;1\/2&#8243;][vc_list_item icon_name=&#8220;fa-chevron-right&#8220; icon_color=&#8220;#3399ff&#8220;]<b>Theoretische Einf\u00fchrung<\/b>[\/vc_list_item][vc_list_item icon_name=&#8220;fa-chevron-right&#8220; icon_color=&#8220;#3399ff&#8220;]<b>Garantiert 4 Live OPs pro Veranstaltung<\/b>[\/vc_list_item][vc_list_item icon_name=&#8220;fa-chevron-right&#8220; icon_color=&#8220;#3399ff&#8220;]<b>Kleine Gruppen von max. 9 Personen<\/b>[\/vc_list_item][vc_list_item icon_name=&#8220;fa-chevron-right&#8220; icon_color=&#8220;#3399ff&#8220;]<b>Kompakte Kursgestaltung an nur einem Wochenende<\/b>[\/vc_list_item][vc_list_item icon_name=&#8220;fa-chevron-right&#8220; icon_color=&#8220;#3399ff&#8220;]<b>17 Fortbildungspunkte<\/b>[\/vc_list_item][vc_list_item icon_name=&#8220;fa-chevron-right&#8220; icon_color=&#8220;#3399ff&#8220;]<b>Exklusive Angebote nur f\u00fcr Kurs-Teilnehmer<\/b>[\/vc_list_item][vc_list_item icon_name=&#8220;fa-chevron-right&#8220; icon_color=&#8220;#3399ff&#8220;]<b>Interessante Gastreferenten<\/b>[\/vc_list_item][vc_list_item icon_name=&#8220;fa-chevron-right&#8220; icon_color=&#8220;#3399ff&#8220;]<b>Flexible Kursgestaltung: Gerne diskutieren wir Ihre F\u00e4lle bei uns im Kurs!<\/b>[\/vc_list_item][vc_testimonial_slider style=&#8220;testimonials-style-2&#8243; bullets=&#8220;paging-false&#8220;][vc_testimonial name=&#8220;&#8220; author_dec=&#8220;&#8220; position=&#8220;Designer&#8220;]<\/p>\n<h3>Das KSI Team freut sich auf Ihren Besuch!<\/h3>\n<p>[\/vc_testimonial][\/vc_testimonial_slider][\/vc_column][vc_column width=&#8220;1\/2&#8243;][vc_empty_space height=&#8220;38px&#8220;][vc_single_image image=&#8220;1602&#8243; img_size=&#8220;full&#8220;][\/vc_column][\/vc_row]<\/p>\n<\/div>","protected":false},"excerpt":{"rendered":"<p>[vc_row top=&#8220;0px&#8220; bottom=&#8220;30px&#8220;][vc_column][vc_column_text] Profitieren Sie von unseren Bad Nauheimer Implantologie-Wochenenden: Unsere Theorie-Praxis-Intensivseminare erstrecken sich jeweils \u00fcber ein Wochende. Dabei garantieren Ihnen die Referentinnen Andrea Bauer und Renate Bauer-K\u00fcchle als aktive Implantologen vor allem einen hohen Praxisbezug. Erfahren Sie alles \u00fcber die Vorteile und M\u00f6glichkeiten der minimalinvasiven Implantologie mit den KSI Systemen in einem einem kompakten [&hellip;]<\/p>\n","protected":false},"author":1,"featured_media":0,"parent":0,"menu_order":0,"comment_status":"open","ping_status":"open","template":"page-left-sidebar.php","meta":{"footnotes":""},"_links":{"self":[{"href":"https:\/\/www.ksi-bauer-schraube.de\/wordpress\/wp-json\/wp\/v2\/pages\/28"}],"collection":[{"href":"https:\/\/www.ksi-bauer-schraube.de\/wordpress\/wp-json\/wp\/v2\/pages"}],"about":[{"href":"https:\/\/www.ksi-bauer-schraube.de\/wordpress\/wp-json\/wp\/v2\/types\/page"}],"author":[{"embeddable":true,"href":"https:\/\/www.ksi-bauer-schraube.de\/wordpress\/wp-json\/wp\/v2\/users\/1"}],"replies":[{"embeddable":true,"href":"https:\/\/www.ksi-bauer-schraube.de\/wordpress\/wp-json\/wp\/v2\/comments?post=28"}],"version-history":[{"count":68,"href":"https:\/\/www.ksi-bauer-schraube.de\/wordpress\/wp-json\/wp\/v2\/pages\/28\/revisions"}],"predecessor-version":[{"id":1608,"href":"https:\/\/www.ksi-bauer-schraube.de\/wordpress\/wp-json\/wp\/v2\/pages\/28\/revisions\/1608"}],"wp:attachment":[{"href":"https:\/\/www.ksi-bauer-schraube.de\/wordpress\/wp-json\/wp\/v2\/media?parent=28"}],"curies":[{"name":"wp","href":"https:\/\/api.w.org\/{rel}","templated":true}]}}