{"id":34,"date":"2012-04-06T13:12:54","date_gmt":"2012-04-06T13:12:54","guid":{"rendered":"http:\/\/www.ksi-bauer-schraube.de\/wordpress\/?page_id=34"},"modified":"2019-08-01T07:32:38","modified_gmt":"2019-08-01T07:32:38","slug":"gebuhren-angebote","status":"publish","type":"page","link":"https:\/\/www.ksi-bauer-schraube.de\/wordpress\/fortbildung\/gebuhren-angebote\/","title":{"rendered":"Geb\u00fchren &#038; Angebote"},"content":{"rendered":"<div class=\"wpb-content-wrapper\"><p>[vc_row top=&#8220;0px&#8220; bottom=&#8220;5px&#8220;][vc_column][vc_column_text]<\/p>\n<h1>Bad Nauheimer Implantologie-Wochenenden 2019<\/h1>\n<h2>Termine<\/h2>\n<p>[\/vc_column_text][vc_custom_heading text=&#8220;22. \u2013 23. Februar 2019&#8243; font_container=&#8220;tag:h3|text_align:left&#8220; use_theme_fonts=&#8220;yes&#8220;][vc_custom_heading text=&#8220;12. \u2013 13. April 2019&#8243; font_container=&#8220;tag:h3|text_align:left&#8220; use_theme_fonts=&#8220;yes&#8220;][vc_custom_heading text=&#8220;14. \u2013 15. Juni 2019&#8243; font_container=&#8220;tag:h3|text_align:left&#8220; use_theme_fonts=&#8220;yes&#8220;][vc_custom_heading text=&#8220;16. \u2013 17. August 2019&#8243; font_container=&#8220;tag:h3|text_align:left&#8220; use_theme_fonts=&#8220;yes&#8220;][vc_custom_heading text=&#8220;27. \u2013 28. September 2019&#8243; font_container=&#8220;tag:h3|text_align:left&#8220; use_theme_fonts=&#8220;yes&#8220;][vc_custom_heading text=&#8220;08. \u2013 09. November 2019&#8243; font_container=&#8220;tag:h3|text_align:left&#8220; use_theme_fonts=&#8220;yes&#8220;][vc_custom_heading text=&#8220;13. \u2013 14. Dezember 2019&#8243; font_container=&#8220;tag:h3|text_align:left&#8220; use_theme_fonts=&#8220;yes&#8220;][vc_empty_space height=&#8220;30px&#8220;][vc_column_text]<\/p>\n<h3>Geb\u00fchren<\/h3>\n<p>[\/vc_column_text][vc_separator style=&#8220;simple&#8220;][vc_empty_space height=&#8220;20px&#8220;][\/vc_column][\/vc_row][vc_row font_weight=&#8220;lighter&#8220; textalign=&#8220;center&#8220; top=&#8220;5px&#8220; bottom=&#8220;10px&#8220;][vc_column width=&#8220;1\/3&#8243;][vc_custom_heading text=&#8220;Kursgeb\u00fchr f\u00fcr<br \/>\nZahn\u00e4rzte&#8220; font_container=&#8220;tag:h3|font_size:16px|text_align:center|color:%23999999&#8243; use_theme_fonts=&#8220;yes&#8220;][vc_separator style=&#8220;simple&#8220;][vc_custom_heading text=&#8220;650,00 \u20ac&#8220; font_container=&#8220;tag:h1|font_size:40px|text_align:center&#8220; use_theme_fonts=&#8220;yes&#8220;][vc_separator style=&#8220;simple&#8220;][vc_column_text]<\/p>\n<p style=\"text-align: center;\">inkl. MwSt.<\/p>\n<p>[\/vc_column_text][\/vc_column][vc_column width=&#8220;1\/3&#8243;][vc_custom_heading text=&#8220;Kursgeb\u00fchr f\u00fcr<br \/>\nAssitenz\u00e4rzte&#8220; font_container=&#8220;tag:h3|font_size:16px|text_align:center|color:%23999999&#8243; use_theme_fonts=&#8220;yes&#8220;][vc_separator style=&#8220;simple&#8220;][vc_custom_heading text=&#8220;470,00 \u20ac&#8220; font_container=&#8220;tag:h1|font_size:40px|text_align:center&#8220; use_theme_fonts=&#8220;yes&#8220;][vc_separator style=&#8220;simple&#8220;][vc_column_text]<\/p>\n<p style=\"text-align: center;\">inkl. MwSt.<\/p>\n<p>[\/vc_column_text][\/vc_column][vc_column width=&#8220;1\/3&#8243;][vc_custom_heading text=&#8220;Kursgeb\u00fchr f\u00fcr<br \/>\nHelferin&#8220; font_container=&#8220;tag:h3|font_size:16px|text_align:center|color:%23999999&#8243; use_theme_fonts=&#8220;yes&#8220;][vc_separator style=&#8220;simple&#8220;][vc_custom_heading text=&#8220;155,00 \u20ac&#8220; font_container=&#8220;tag:h1|font_size:40px|text_align:center&#8220; use_theme_fonts=&#8220;yes&#8220;][vc_separator style=&#8220;simple&#8220;][vc_column_text]<\/p>\n<p style=\"text-align: center;\">inkl. MwSt.<\/p>\n<p>[\/vc_column_text][\/vc_column][\/vc_row][vc_row top=&#8220;5px&#8220; bottom=&#8220;5px&#8220;][vc_column][vc_column_text]<\/p>\n<h1 style=\"color: #eb0772;\">Auf alle Bestellungen am Kurstag erh\u00e4lt jeder Teilnehmer 15 % Rabatt.<\/h1>\n<h2>Am besten gleich Anmelden und 250\u20ac sparen!<\/h2>\n<h4 style=\"color: #999;\">Fr\u00fchzeitige Anmeldungen erleichtern die Planung und erm\u00f6glichen es uns, die Kursqualtit\u00e4t noch weiter zu steigern. Daher m\u00f6chten wir uns f\u00fcr verbindliche Anmeldungen mindestens 8 Wochen vor Ihrem Wunschtermin mit einer Kursgeb\u00fchr von nur 400 \u20ac bedanken!<\/h4>\n<p>[\/vc_column_text][\/vc_column][\/vc_row]<\/p>\n<\/div>","protected":false},"excerpt":{"rendered":"<p>[vc_row top=&#8220;0px&#8220; bottom=&#8220;5px&#8220;][vc_column][vc_column_text] Bad Nauheimer Implantologie-Wochenenden 2019 Termine [\/vc_column_text][vc_custom_heading text=&#8220;22. \u2013 23. Februar 2019&#8243; font_container=&#8220;tag:h3|text_align:left&#8220; use_theme_fonts=&#8220;yes&#8220;][vc_custom_heading text=&#8220;12. \u2013 13. April 2019&#8243; font_container=&#8220;tag:h3|text_align:left&#8220; use_theme_fonts=&#8220;yes&#8220;][vc_custom_heading text=&#8220;14. \u2013 15. Juni 2019&#8243; font_container=&#8220;tag:h3|text_align:left&#8220; use_theme_fonts=&#8220;yes&#8220;][vc_custom_heading text=&#8220;16. \u2013 17. August 2019&#8243; font_container=&#8220;tag:h3|text_align:left&#8220; use_theme_fonts=&#8220;yes&#8220;][vc_custom_heading text=&#8220;27. \u2013 28. September 2019&#8243; font_container=&#8220;tag:h3|text_align:left&#8220; use_theme_fonts=&#8220;yes&#8220;][vc_custom_heading text=&#8220;08. \u2013 09. November 2019&#8243; font_container=&#8220;tag:h3|text_align:left&#8220; use_theme_fonts=&#8220;yes&#8220;][vc_custom_heading text=&#8220;13. \u2013 14. Dezember [&hellip;]<\/p>\n","protected":false},"author":1,"featured_media":0,"parent":28,"menu_order":0,"comment_status":"open","ping_status":"open","template":"page-left-sidebar.php","meta":{"footnotes":""},"_links":{"self":[{"href":"https:\/\/www.ksi-bauer-schraube.de\/wordpress\/wp-json\/wp\/v2\/pages\/34"}],"collection":[{"href":"https:\/\/www.ksi-bauer-schraube.de\/wordpress\/wp-json\/wp\/v2\/pages"}],"about":[{"href":"https:\/\/www.ksi-bauer-schraube.de\/wordpress\/wp-json\/wp\/v2\/types\/page"}],"author":[{"embeddable":true,"href":"https:\/\/www.ksi-bauer-schraube.de\/wordpress\/wp-json\/wp\/v2\/users\/1"}],"replies":[{"embeddable":true,"href":"https:\/\/www.ksi-bauer-schraube.de\/wordpress\/wp-json\/wp\/v2\/comments?post=34"}],"version-history":[{"count":107,"href":"https:\/\/www.ksi-bauer-schraube.de\/wordpress\/wp-json\/wp\/v2\/pages\/34\/revisions"}],"predecessor-version":[{"id":742,"href":"https:\/\/www.ksi-bauer-schraube.de\/wordpress\/wp-json\/wp\/v2\/pages\/34\/revisions\/742"}],"up":[{"embeddable":true,"href":"https:\/\/www.ksi-bauer-schraube.de\/wordpress\/wp-json\/wp\/v2\/pages\/28"}],"wp:attachment":[{"href":"https:\/\/www.ksi-bauer-schraube.de\/wordpress\/wp-json\/wp\/v2\/media?parent=34"}],"curies":[{"name":"wp","href":"https:\/\/api.w.org\/{rel}","templated":true}]}}