{"id":431,"date":"2012-04-11T13:34:28","date_gmt":"2012-04-11T13:34:28","guid":{"rendered":"http:\/\/www.ksi-bauer-schraube.de\/wordpress\/?page_id=431"},"modified":"2017-01-19T12:20:31","modified_gmt":"2017-01-19T12:20:31","slug":"systemvorteile-ksi-i","status":"publish","type":"page","link":"https:\/\/www.ksi-bauer-schraube.de\/wordpress\/systeme\/ksi-i\/systemvorteile-ksi-i\/","title":{"rendered":"Systemvorteile KSI I"},"content":{"rendered":"<div class=\"wpb-content-wrapper\"><p>[vc_row top=&#8220;0px&#8220; bottom=&#8220;30px&#8220;][vc_column][vc_column_text]<\/p>\n<h2 style=\"color: #eb0772;\">Systemvorteile KSI I<\/h2>\n<p>[\/vc_column_text][\/vc_column][\/vc_row][vc_row top=&#8220;0px&#8220; bottom=&#8220;30px&#8220;][vc_column width=&#8220;1\/3&#8243;][vc_single_image image=&#8220;1195&#8243; img_size=&#8220;250&#215;250&#8243; style=&#8220;vc_box_border&#8220;][\/vc_column][vc_column width=&#8220;2\/3&#8243;][vc_column_text]<\/p>\n<h2>Vorteil durch Einteiligkeit<\/h2>\n<p>Die KSI-Bauer-Schraube vom Typ A, B, K und H ist ein einteiliges Implantatsystem. Das spezielle Design erm\u00f6glicht ein einphasiges Vorgehen, verbunden mit transgingivaler Einheilung. Der minimalinvasive Eingriff bewirkt unmittelbar nach Insertion die sofortige feste Adaption des periimplant\u00e4ren Gewebes an den Implantathals und f\u00fchrt so zu optimaler Gewebeerhaltung. Ein besonderer Vorteil der Einteiligkeit liegt im Fehlen des Mikrospaltes, wodurch auch die evtl. Ursache f\u00fcr eine Periimplantitis wegf\u00e4llt. F\u00fcr den Patienten ist die minimalinvasive, atraumatische Vorgehensweise ohne Zweiteingriff von Vorteil. Auch der Behandler profitiert von der Einteiligkeit durch einfaches Handling und somit \u00fcberschaubarem kosteng\u00fcnstigem Instrumentarium.[\/vc_column_text][\/vc_column][\/vc_row][vc_row top=&#8220;0px&#8220; bottom=&#8220;30px&#8220;][vc_column][vc_separator style=&#8220;simple&#8220;][\/vc_column][\/vc_row][vc_row top=&#8220;0px&#8220; bottom=&#8220;30px&#8220;][vc_column width=&#8220;1\/3&#8243;][vc_single_image image=&#8220;483&#8243; img_size=&#8220;250&#215;250&#8243; style=&#8220;vc_box_border&#8220;][\/vc_column][vc_column width=&#8220;2\/3&#8243;][vc_column_text]<\/p>\n<h2>Spezielles Implantatgewinde<\/h2>\n<p>Das KSI-Implantat ist in seiner Form wurzelanalog und besitzt ein progressives selbstschneidendes Gewinde. Das spezielle Kompressionsgewinde sowie der konische Implantatk\u00f6rper bewirken eine Kombination mit einer unterdimensionierten Implantatbettaufbereitung in Verdichtung der Spongiosa. Daraus resultiert die hohe Prim\u00e4rstabilit\u00e4t. Die konische Implantatform erleichtert den Einsatz bei buccalen Knocheneinziehungen und konvergierenden Nachbarwurzeln.[\/vc_column_text][\/vc_column][\/vc_row][vc_row top=&#8220;0px&#8220; bottom=&#8220;30px&#8220;][vc_column][vc_separator style=&#8220;simple&#8220;][\/vc_column][\/vc_row][vc_row top=&#8220;0px&#8220; bottom=&#8220;30px&#8220;][vc_column width=&#8220;1\/3&#8243;][vc_single_image image=&#8220;486&#8243; img_size=&#8220;250&#215;250&#8243; style=&#8220;vc_box_border&#8220;][\/vc_column][vc_column width=&#8220;2\/3&#8243;][vc_column_text]<\/p>\n<h2>Bew\u00e4hrte Implantatoberfl\u00e4che<\/h2>\n<p>Die KSI-Bauer-Schraube wird aus Titan (TI 6-4 ELI) gefertigt. Der ennosale Teil ist s\u00e4urege\u00e4zt und aluminiumoxyd gestrahlt. Die darauf resultierende gr\u00f6\u00dfere Implantatoberfl\u00e4che beg\u00fcnstigt die Knochenzellenapposition und somit die Osseointegration.[\/vc_column_text][\/vc_column][\/vc_row][vc_row top=&#8220;0px&#8220; bottom=&#8220;30px&#8220;][vc_column][vc_separator style=&#8220;simple&#8220;][\/vc_column][\/vc_row][vc_row top=&#8220;0px&#8220; bottom=&#8220;30px&#8220;][vc_column width=&#8220;1\/3&#8243;][vc_single_image image=&#8220;488&#8243; img_size=&#8220;250&#215;250&#8243; style=&#8220;vc_box_border&#8220;][\/vc_column][vc_column width=&#8220;2\/3&#8243;][vc_column_text]<\/p>\n<h2>Umfangreiches Implantatangebot<\/h2>\n<p>Die gro\u00dfe Implantatpalette bez\u00fcglich Durchmesser und L\u00e4nge erm\u00f6glicht eine Implantation auch bei geringem horizontalen und vertikalen Knochenangebot.[\/vc_column_text][\/vc_column][\/vc_row][vc_row top=&#8220;0px&#8220; bottom=&#8220;30px&#8220;][vc_column][vc_separator style=&#8220;simple&#8220;][\/vc_column][\/vc_row][vc_row top=&#8220;0px&#8220; bottom=&#8220;30px&#8220;][vc_column width=&#8220;1\/3&#8243;][vc_single_image image=&#8220;489&#8243; img_size=&#8220;250&#215;250&#8243; style=&#8220;vc_box_border&#8220;][\/vc_column][vc_column width=&#8220;2\/3&#8243;][vc_column_text]<\/p>\n<h2>Integriertes Plattformswitching<\/h2>\n<p>Der grazil gestaltete Halsbereich im Verh\u00e4ltnis zum Gewindek\u00f6rper bietet Plattformswitching auch bei Einteiligkeit.[\/vc_column_text][\/vc_column][\/vc_row]<\/p>\n<\/div>","protected":false},"excerpt":{"rendered":"<p>[vc_row top=&#8220;0px&#8220; bottom=&#8220;30px&#8220;][vc_column][vc_column_text] Systemvorteile KSI I [\/vc_column_text][\/vc_column][\/vc_row][vc_row top=&#8220;0px&#8220; bottom=&#8220;30px&#8220;][vc_column width=&#8220;1\/3&#8243;][vc_single_image image=&#8220;1195&#8243; img_size=&#8220;250&#215;250&#8243; style=&#8220;vc_box_border&#8220;][\/vc_column][vc_column width=&#8220;2\/3&#8243;][vc_column_text] Vorteil durch Einteiligkeit Die KSI-Bauer-Schraube vom Typ A, B, K und H ist ein einteiliges Implantatsystem. Das spezielle Design erm\u00f6glicht ein einphasiges Vorgehen, verbunden mit transgingivaler Einheilung. Der minimalinvasive Eingriff bewirkt unmittelbar nach Insertion die sofortige feste Adaption des periimplant\u00e4ren Gewebes [&hellip;]<\/p>\n","protected":false},"author":1,"featured_media":0,"parent":24,"menu_order":0,"comment_status":"open","ping_status":"open","template":"page-left-sidebar.php","meta":{"footnotes":""},"_links":{"self":[{"href":"https:\/\/www.ksi-bauer-schraube.de\/wordpress\/wp-json\/wp\/v2\/pages\/431"}],"collection":[{"href":"https:\/\/www.ksi-bauer-schraube.de\/wordpress\/wp-json\/wp\/v2\/pages"}],"about":[{"href":"https:\/\/www.ksi-bauer-schraube.de\/wordpress\/wp-json\/wp\/v2\/types\/page"}],"author":[{"embeddable":true,"href":"https:\/\/www.ksi-bauer-schraube.de\/wordpress\/wp-json\/wp\/v2\/users\/1"}],"replies":[{"embeddable":true,"href":"https:\/\/www.ksi-bauer-schraube.de\/wordpress\/wp-json\/wp\/v2\/comments?post=431"}],"version-history":[{"count":54,"href":"https:\/\/www.ksi-bauer-schraube.de\/wordpress\/wp-json\/wp\/v2\/pages\/431\/revisions"}],"predecessor-version":[{"id":1553,"href":"https:\/\/www.ksi-bauer-schraube.de\/wordpress\/wp-json\/wp\/v2\/pages\/431\/revisions\/1553"}],"up":[{"embeddable":true,"href":"https:\/\/www.ksi-bauer-schraube.de\/wordpress\/wp-json\/wp\/v2\/pages\/24"}],"wp:attachment":[{"href":"https:\/\/www.ksi-bauer-schraube.de\/wordpress\/wp-json\/wp\/v2\/media?parent=431"}],"curies":[{"name":"wp","href":"https:\/\/api.w.org\/{rel}","templated":true}]}}