{"id":433,"date":"2012-04-11T13:35:16","date_gmt":"2012-04-11T13:35:16","guid":{"rendered":"http:\/\/www.ksi-bauer-schraube.de\/wordpress\/?page_id=433"},"modified":"2017-01-19T12:29:18","modified_gmt":"2017-01-19T12:29:18","slug":"implantattypen-ksi-1","status":"publish","type":"page","link":"https:\/\/www.ksi-bauer-schraube.de\/wordpress\/systeme\/ksi-i\/implantattypen-ksi-1\/","title":{"rendered":"Implantattypen KSI I"},"content":{"rendered":"<div class=\"wpb-content-wrapper\"><p>[vc_row top=&#8220;0px&#8220; bottom=&#8220;30px&#8220;][vc_column][vc_column_text]<\/p>\n<h2 style=\"color: #eb0772;\">Impantattypen<\/h2>\n<p>Die Implantattypen variieren im Gewindedurchmesser von 3 \u2013 5 mm, in der Gewindel\u00e4nge zwischen 8 und 20 mm.[\/vc_column_text][\/vc_column][\/vc_row][vc_row top=&#8220;0px&#8220; bottom=&#8220;30px&#8220;][vc_column width=&#8220;1\/3&#8243;][vc_single_image image=&#8220;496&#8243; img_size=&#8220;250&#215;250&#8243; style=&#8220;vc_box_border&#8220;][\/vc_column][vc_column width=&#8220;2\/3&#8243;][vc_column_text]<\/p>\n<h2>Typ A<\/h2>\n<p>Implantat mit grazilem Implantatkopf, 5 \u00b0 konischer Korpus mit aufgesetzem Vierkant als Eindrehhilfe und Rotationssicherung.<\/p>\n<p>Indikation: bei verblockten Konstruktionen (Steg oder Br\u00fccke) als Einzelzahnversorgung bei geringem intercoronalem Abstand.[\/vc_column_text][\/vc_column][\/vc_row][vc_row top=&#8220;0px&#8220; bottom=&#8220;30px&#8220;][vc_column][vc_separator style=&#8220;simple&#8220;][\/vc_column][\/vc_row][vc_row top=&#8220;0px&#8220; bottom=&#8220;30px&#8220;][vc_column width=&#8220;1\/3&#8243;][vc_single_image image=&#8220;499&#8243; img_size=&#8220;250&#215;250&#8243; style=&#8220;vc_box_border&#8220;][\/vc_column][vc_column width=&#8220;2\/3&#8243;][vc_column_text]<\/p>\n<h2>Typ B<\/h2>\n<p>Implantat mit Biegezone.<br \/>\nDurch diese Formgebung k\u00f6nnen die Implantate nach Insertion mit einem speziellen Biegeschl\u00fcssel parallellisiert werden (max. 30 \u00b0).<\/p>\n<p>Indikation: zur Umgehung von, Kieferh\u00f6hle und Foramen mentale.<br \/>\nNicht als Einzelzahn im Molarenbereich.[\/vc_column_text][\/vc_column][\/vc_row][vc_row top=&#8220;0px&#8220; bottom=&#8220;30px&#8220;][vc_column][vc_separator style=&#8220;simple&#8220;][\/vc_column][\/vc_row][vc_row top=&#8220;0px&#8220; bottom=&#8220;30px&#8220;][vc_column width=&#8220;1\/3&#8243;][vc_single_image image=&#8220;501&#8243; img_size=&#8220;250&#215;250&#8243; style=&#8220;vc_box_border&#8220;][\/vc_column][vc_column width=&#8220;2\/3&#8243;][vc_column_text]<\/p>\n<h2>Typ K<\/h2>\n<p>Implantat mit Kugelkopfanker (Durchmesser 2,5 mm) zur Aufnahme einer Titankappe, die mit Matrizen unterschiedlicher Abzugskr\u00e4fte best\u00fcckt werden kann.<\/p>\n<p>Indikation: unbezahnter OK und UK.[\/vc_column_text][\/vc_column][\/vc_row][vc_row top=&#8220;0px&#8220; bottom=&#8220;30px&#8220;][vc_column][vc_separator style=&#8220;simple&#8220;][\/vc_column][\/vc_row][vc_row top=&#8220;0px&#8220; bottom=&#8220;30px&#8220;][vc_column width=&#8220;1\/3&#8243;][vc_single_image image=&#8220;503&#8243; img_size=&#8220;250&#215;250&#8243; style=&#8220;vc_box_border&#8220;][\/vc_column][vc_column width=&#8220;2\/3&#8243;][vc_column_text]<\/p>\n<h2>Umfangreiches Implantatangebot<\/h2>\n<p>Die gro\u00dfe Implantatpalette bez\u00fcglich Durchmesser und L\u00e4nge erm\u00f6glicht eine Implantation auch bei geringem horizontalen und vertikalen Knochenangebot.[\/vc_column_text][\/vc_column][\/vc_row][vc_row top=&#8220;0px&#8220; bottom=&#8220;30px&#8220;][vc_column][vc_separator style=&#8220;simple&#8220;][\/vc_column][\/vc_row][vc_row top=&#8220;0px&#8220; bottom=&#8220;30px&#8220;][vc_column width=&#8220;1\/3&#8243;][vc_single_image image=&#8220;503&#8243; img_size=&#8220;250&#215;250&#8243; style=&#8220;vc_box_border&#8220;][\/vc_column][vc_column width=&#8220;2\/3&#8243;][vc_column_text]<\/p>\n<h2>Typ H<\/h2>\n<p>Implantat mit Hohlkehle und gr\u00f6\u00dfer dimensioniertem Kopf mit Sechskant zur Aufnahme der Eindrehhilfe.<\/p>\n<p>Indikation: speziell f\u00fcr Cirkonkronen.[\/vc_column_text][\/vc_column][\/vc_row]<\/p>\n<\/div>","protected":false},"excerpt":{"rendered":"<p>[vc_row top=&#8220;0px&#8220; bottom=&#8220;30px&#8220;][vc_column][vc_column_text] Impantattypen Die Implantattypen variieren im Gewindedurchmesser von 3 \u2013 5 mm, in der Gewindel\u00e4nge zwischen 8 und 20 mm.[\/vc_column_text][\/vc_column][\/vc_row][vc_row top=&#8220;0px&#8220; bottom=&#8220;30px&#8220;][vc_column width=&#8220;1\/3&#8243;][vc_single_image image=&#8220;496&#8243; img_size=&#8220;250&#215;250&#8243; style=&#8220;vc_box_border&#8220;][\/vc_column][vc_column width=&#8220;2\/3&#8243;][vc_column_text] Typ A Implantat mit grazilem Implantatkopf, 5 \u00b0 konischer Korpus mit aufgesetzem Vierkant als Eindrehhilfe und Rotationssicherung. Indikation: bei verblockten Konstruktionen (Steg oder Br\u00fccke) als Einzelzahnversorgung [&hellip;]<\/p>\n","protected":false},"author":1,"featured_media":0,"parent":24,"menu_order":1,"comment_status":"open","ping_status":"closed","template":"page-left-sidebar.php","meta":{"footnotes":""},"_links":{"self":[{"href":"https:\/\/www.ksi-bauer-schraube.de\/wordpress\/wp-json\/wp\/v2\/pages\/433"}],"collection":[{"href":"https:\/\/www.ksi-bauer-schraube.de\/wordpress\/wp-json\/wp\/v2\/pages"}],"about":[{"href":"https:\/\/www.ksi-bauer-schraube.de\/wordpress\/wp-json\/wp\/v2\/types\/page"}],"author":[{"embeddable":true,"href":"https:\/\/www.ksi-bauer-schraube.de\/wordpress\/wp-json\/wp\/v2\/users\/1"}],"replies":[{"embeddable":true,"href":"https:\/\/www.ksi-bauer-schraube.de\/wordpress\/wp-json\/wp\/v2\/comments?post=433"}],"version-history":[{"count":15,"href":"https:\/\/www.ksi-bauer-schraube.de\/wordpress\/wp-json\/wp\/v2\/pages\/433\/revisions"}],"predecessor-version":[{"id":495,"href":"https:\/\/www.ksi-bauer-schraube.de\/wordpress\/wp-json\/wp\/v2\/pages\/433\/revisions\/495"}],"up":[{"embeddable":true,"href":"https:\/\/www.ksi-bauer-schraube.de\/wordpress\/wp-json\/wp\/v2\/pages\/24"}],"wp:attachment":[{"href":"https:\/\/www.ksi-bauer-schraube.de\/wordpress\/wp-json\/wp\/v2\/media?parent=433"}],"curies":[{"name":"wp","href":"https:\/\/api.w.org\/{rel}","templated":true}]}}