{"id":435,"date":"2012-04-11T13:36:28","date_gmt":"2012-04-11T13:36:28","guid":{"rendered":"http:\/\/www.ksi-bauer-schraube.de\/wordpress\/?page_id=435"},"modified":"2017-01-19T13:44:38","modified_gmt":"2017-01-19T13:44:38","slug":"implantation-ksi-1","status":"publish","type":"page","link":"https:\/\/www.ksi-bauer-schraube.de\/wordpress\/systeme\/ksi-i\/implantation-ksi-1\/","title":{"rendered":"Implantation KSI I"},"content":{"rendered":"<div class=\"wpb-content-wrapper\"><p>[vc_row top=&#8220;0px&#8220; bottom=&#8220;10px&#8220;][vc_column][vc_column_text]<\/p>\n<h2 style=\"color: #eb0772;\">Implantation<\/h2>\n<h3>Transgingivale Implantation<\/h3>\n<p>Diese minimalinvasive Vorgehensweise ist der entscheidende Vorteil der KSI-Bauer-Schraube. Voraussetzung ist ein ausreichendes Knochenvolumen und eine Schleimhautdicke unter 3 mm. Hierbei kann die Abdrucknahme sofort nach der Implantation erfolgen, da keine Verheilung des Weichgewebes abgewartet werden mu\u00df. Die definitive Versorgung kann sofort durchgef\u00fchrt werden, vorausgesetzt sie ist innerhalb von 10 Tagen nach Insertion abgeschlossen.<\/p>\n<p>Wenn das ideale Eindrehmoment von 60 ncm nicht erreicht werden kann, mu\u00df zun\u00e4chst eine tempor\u00e4re Verblockung durch ein Provisorium erfolgen, bis die Einheilphase von 2 \u2013 4 Monaten abgeschlossen ist.[\/vc_column_text][\/vc_column][\/vc_row][vc_row top=&#8220;0px&#8220; bottom=&#8220;30px&#8220;][vc_column][vc_column_text]<\/p>\n<figure id=\"attachment_509\" aria-describedby=\"caption-attachment-509\" style=\"width: 500px\" class=\"wp-caption alignleft\"><img loading=\"lazy\" decoding=\"async\" class=\"size-full wp-image-509\" title=\"implantation1\" src=\"https:\/\/www.ksi-bauer-schraube.de\/wordpress\/wp-content\/uploads\/implantation1.jpg\" alt=\"\" width=\"500\" height=\"248\" srcset=\"https:\/\/www.ksi-bauer-schraube.de\/wordpress\/wp-content\/uploads\/implantation1.jpg 500w, https:\/\/www.ksi-bauer-schraube.de\/wordpress\/wp-content\/uploads\/implantation1-300x148.jpg 300w\" sizes=\"(max-width: 500px) 100vw, 500px\" \/><figcaption id=\"caption-attachment-509\" class=\"wp-caption-text\">Pilotbohrung: hier erfolgt die K\u00f6rnung und die initiale Lotbohrung mit einem Instrument<\/figcaption><\/figure>\n<p>[vc_row top=&#8220;0px&#8220; bottom=&#8220;10px&#8220;][vc_column][vc_empty_space][vc_column_text]<\/p>\n<figure id=\"attachment_523\" aria-describedby=\"caption-attachment-523\" style=\"width: 500px\" class=\"wp-caption alignleft\"><img loading=\"lazy\" decoding=\"async\" class=\"size-full wp-image-523\" title=\"implantation2\" src=\"https:\/\/www.ksi-bauer-schraube.de\/wordpress\/wp-content\/uploads\/implantation2.jpg\" alt=\"\" width=\"500\" height=\"248\" srcset=\"https:\/\/www.ksi-bauer-schraube.de\/wordpress\/wp-content\/uploads\/implantation2.jpg 500w, https:\/\/www.ksi-bauer-schraube.de\/wordpress\/wp-content\/uploads\/implantation2-300x148.jpg 300w\" sizes=\"(max-width: 500px) 100vw, 500px\" \/><figcaption id=\"caption-attachment-523\" class=\"wp-caption-text\">Unblutige Implantatbettaufbereitung, besonders schonend f\u00fcr den \u00e4lteren Patienten<\/figcaption><\/figure>\n<p>[vc_row top=&#8220;0px&#8220; bottom=&#8220;10px&#8220;][vc_column][vc_empty_space][vc_column_text]<\/p>\n<figure id=\"attachment_526\" aria-describedby=\"caption-attachment-526\" style=\"width: 500px\" class=\"wp-caption alignleft\"><img loading=\"lazy\" decoding=\"async\" class=\"size-full wp-image-526\" title=\"implantation1_3\" src=\"https:\/\/www.ksi-bauer-schraube.de\/wordpress\/wp-content\/uploads\/implantation1_3.jpg\" alt=\"\" width=\"500\" height=\"248\" srcset=\"https:\/\/www.ksi-bauer-schraube.de\/wordpress\/wp-content\/uploads\/implantation1_3.jpg 500w, https:\/\/www.ksi-bauer-schraube.de\/wordpress\/wp-content\/uploads\/implantation1_3-300x148.jpg 300w\" sizes=\"(max-width: 500px) 100vw, 500px\" \/><figcaption id=\"caption-attachment-526\" class=\"wp-caption-text\">Dicht um den Implantathals anliegende Gingiva, keine Bakterieninvasion<\/figcaption><\/figure>\n<p>[vc_row top=&#8220;0px&#8220; bottom=&#8220;10px&#8220;][vc_column][vc_empty_space][vc_column_text]<\/p>\n<h3>Implantation mit Aufklappung<\/h3>\n<p>Bei geringem horizontalen Knochenangebot und einer Schleimhautdicke \u00fcber 3 mm empfiehlt sich die Implantation unter Darstellung des Knochens, um evtl. Ma\u00dfnahmen wie z. B. Knochenspreizung, Schaffung eines Plateaus, buccale Augmentation, zu erm\u00f6glichen. Auch dabei kann unter Erhaltung des Periosts minimalinvasiv und schonend vorgegangen werden.<\/p>\n<figure id=\"attachment_529\" aria-describedby=\"caption-attachment-529\" style=\"width: 500px\" class=\"wp-caption alignleft\"><img loading=\"lazy\" decoding=\"async\" class=\"size-full wp-image-529\" title=\"implantation3\" src=\"https:\/\/www.ksi-bauer-schraube.de\/wordpress\/wp-content\/uploads\/implantation3.jpg\" alt=\"\" width=\"500\" height=\"336\" srcset=\"https:\/\/www.ksi-bauer-schraube.de\/wordpress\/wp-content\/uploads\/implantation3.jpg 500w, https:\/\/www.ksi-bauer-schraube.de\/wordpress\/wp-content\/uploads\/implantation3-300x201.jpg 300w\" sizes=\"(max-width: 500px) 100vw, 500px\" \/><figcaption id=\"caption-attachment-529\" class=\"wp-caption-text\">Grazile Bohrer erm\u00f6glichen eine minimale Schnittf\u00fchrung<\/figcaption><\/figure>\n<p>[vc_row top=&#8220;0px&#8220; bottom=&#8220;10px&#8220;][vc_column][vc_empty_space][vc_column_text]<\/p>\n<figure id=\"attachment_530\" aria-describedby=\"caption-attachment-530\" style=\"width: 500px\" class=\"wp-caption alignleft\"><img loading=\"lazy\" decoding=\"async\" class=\"size-full wp-image-530\" title=\"implantation4\" src=\"https:\/\/www.ksi-bauer-schraube.de\/wordpress\/wp-content\/uploads\/implantation4.jpg\" alt=\"\" width=\"500\" height=\"330\" srcset=\"https:\/\/www.ksi-bauer-schraube.de\/wordpress\/wp-content\/uploads\/implantation4.jpg 500w, https:\/\/www.ksi-bauer-schraube.de\/wordpress\/wp-content\/uploads\/implantation4-300x198.jpg 300w\" sizes=\"(max-width: 500px) 100vw, 500px\" \/><figcaption id=\"caption-attachment-530\" class=\"wp-caption-text\">Auch bei Aufklappung schonende knochenerhaltende Implantation durch grazile Implantate<\/figcaption><\/figure>\n<p>[vc_row top=&#8220;0px&#8220; bottom=&#8220;10px&#8220;][vc_column][vc_empty_space][vc_column_text]<\/p>\n<figure id=\"attachment_531\" aria-describedby=\"caption-attachment-531\" style=\"width: 500px\" class=\"wp-caption alignleft\"><img loading=\"lazy\" decoding=\"async\" class=\"size-full wp-image-531\" title=\"implantation7\" src=\"https:\/\/www.ksi-bauer-schraube.de\/wordpress\/wp-content\/uploads\/implantation7.jpg\" alt=\"\" width=\"500\" height=\"331\" srcset=\"https:\/\/www.ksi-bauer-schraube.de\/wordpress\/wp-content\/uploads\/implantation7.jpg 500w, https:\/\/www.ksi-bauer-schraube.de\/wordpress\/wp-content\/uploads\/implantation7-300x198.jpg 300w\" sizes=\"(max-width: 500px) 100vw, 500px\" \/><figcaption id=\"caption-attachment-531\" class=\"wp-caption-text\">Auch hier nach zweiw\u00f6chiger Abheilung dicht adaptierte Gingiva<\/figcaption><\/figure>\n<p>[vc_row top=&#8220;0px&#8220; bottom=&#8220;10px&#8220;][vc_column][vc_empty_space][vc_column_text]<\/p>\n<h3>Sofortimplantation<\/h3>\n<p>Voraussetzung f\u00fcr die Sofortimplantation ist ein entz\u00fcndungsfreier Alveolenfundus, eine intakte buccale Knochenwand und ausreichendes vertikales Knochenangebot \u00fcber die Zahnwurzel hinaus. Zur Erreichung der Prim\u00e4rstabilit\u00e4t mu\u00df die vorgesehene Gewindel\u00e4nge mindestens 2\/3 \u00fcber den Alveolenfundus hinaus in den ortsst\u00e4ndigen Knochen versenkt sein und das Drehmoment am Ende der Insertion mindestens 40 ncm betragen. Unterschreitet der Implantatdurchmesser den Alveolendurchmesser wesentlich, empfiehlt sich die Auff\u00fcllung des Spaltes mit Knochenersatzmaterial, z. B. TCP. Bei der Sofortimplantation sollte eine Einheilphase von mindestens 4 Monaten eingehalten werden, in der die Implantate prim\u00e4r \u00fcber ein Provisorium verblockt sein m\u00fcssen.<\/p>\n<figure id=\"attachment_534\" aria-describedby=\"caption-attachment-534\" style=\"width: 500px\" class=\"wp-caption alignleft\"><img loading=\"lazy\" decoding=\"async\" class=\"size-full wp-image-534\" title=\"implantation5\" src=\"https:\/\/www.ksi-bauer-schraube.de\/wordpress\/wp-content\/uploads\/implantation5.jpg\" alt=\"\" width=\"500\" height=\"328\" srcset=\"https:\/\/www.ksi-bauer-schraube.de\/wordpress\/wp-content\/uploads\/implantation5.jpg 500w, https:\/\/www.ksi-bauer-schraube.de\/wordpress\/wp-content\/uploads\/implantation5-300x196.jpg 300w\" sizes=\"(max-width: 500px) 100vw, 500px\" \/><figcaption id=\"caption-attachment-534\" class=\"wp-caption-text\">Schonung der buccalen Lamelle durch graziles Implantatsystem<\/figcaption><\/figure>\n<p>[vc_row top=&#8220;0px&#8220; bottom=&#8220;10px&#8220;][vc_column][vc_empty_space][vc_column_text]<\/p>\n<figure id=\"attachment_535\" aria-describedby=\"caption-attachment-535\" style=\"width: 500px\" class=\"wp-caption alignleft\"><img loading=\"lazy\" decoding=\"async\" class=\"size-full wp-image-535\" title=\"implantation6\" src=\"https:\/\/www.ksi-bauer-schraube.de\/wordpress\/wp-content\/uploads\/implantation6.jpg\" alt=\"\" width=\"500\" height=\"401\" srcset=\"https:\/\/www.ksi-bauer-schraube.de\/wordpress\/wp-content\/uploads\/implantation6.jpg 500w, https:\/\/www.ksi-bauer-schraube.de\/wordpress\/wp-content\/uploads\/implantation6-300x240.jpg 300w\" sizes=\"(max-width: 500px) 100vw, 500px\" \/><figcaption id=\"caption-attachment-535\" class=\"wp-caption-text\">Kleinvolumige Pilotbohrung \u00fcber den Alveolenfundus hinaus<\/figcaption><\/figure>\n<p>[vc_row top=&#8220;0px&#8220; bottom=&#8220;10px&#8220;][vc_column][vc_empty_space][vc_column_text]<\/p>\n<figure id=\"attachment_536\" aria-describedby=\"caption-attachment-536\" style=\"width: 500px\" class=\"wp-caption alignleft\"><img loading=\"lazy\" decoding=\"async\" class=\"size-full wp-image-536\" title=\"implantation8\" src=\"https:\/\/www.ksi-bauer-schraube.de\/wordpress\/wp-content\/uploads\/implantation8.jpg\" alt=\"\" width=\"500\" height=\"333\" srcset=\"https:\/\/www.ksi-bauer-schraube.de\/wordpress\/wp-content\/uploads\/implantation8.jpg 500w, https:\/\/www.ksi-bauer-schraube.de\/wordpress\/wp-content\/uploads\/implantation8-300x199.jpg 300w\" sizes=\"(max-width: 500px) 100vw, 500px\" \/><figcaption id=\"caption-attachment-536\" class=\"wp-caption-text\">Auch bei Sofortimplantation sofortige provisorische Versorgung dank Einteiligkeit<\/figcaption><\/figure>\n<p>[\/vc_column_text][\/vc_column][\/vc_row]<\/p>\n<\/div>","protected":false},"excerpt":{"rendered":"<p>[vc_row top=&#8220;0px&#8220; bottom=&#8220;10px&#8220;][vc_column][vc_column_text] Implantation Transgingivale Implantation Diese minimalinvasive Vorgehensweise ist der entscheidende Vorteil der KSI-Bauer-Schraube. Voraussetzung ist ein ausreichendes Knochenvolumen und eine Schleimhautdicke unter 3 mm. Hierbei kann die Abdrucknahme sofort nach der Implantation erfolgen, da keine Verheilung des Weichgewebes abgewartet werden mu\u00df. Die definitive Versorgung kann sofort durchgef\u00fchrt werden, vorausgesetzt sie ist innerhalb von [&hellip;]<\/p>\n","protected":false},"author":1,"featured_media":0,"parent":24,"menu_order":2,"comment_status":"open","ping_status":"open","template":"page-left-sidebar.php","meta":{"footnotes":""},"_links":{"self":[{"href":"https:\/\/www.ksi-bauer-schraube.de\/wordpress\/wp-json\/wp\/v2\/pages\/435"}],"collection":[{"href":"https:\/\/www.ksi-bauer-schraube.de\/wordpress\/wp-json\/wp\/v2\/pages"}],"about":[{"href":"https:\/\/www.ksi-bauer-schraube.de\/wordpress\/wp-json\/wp\/v2\/types\/page"}],"author":[{"embeddable":true,"href":"https:\/\/www.ksi-bauer-schraube.de\/wordpress\/wp-json\/wp\/v2\/users\/1"}],"replies":[{"embeddable":true,"href":"https:\/\/www.ksi-bauer-schraube.de\/wordpress\/wp-json\/wp\/v2\/comments?post=435"}],"version-history":[{"count":49,"href":"https:\/\/www.ksi-bauer-schraube.de\/wordpress\/wp-json\/wp\/v2\/pages\/435\/revisions"}],"predecessor-version":[{"id":506,"href":"https:\/\/www.ksi-bauer-schraube.de\/wordpress\/wp-json\/wp\/v2\/pages\/435\/revisions\/506"}],"up":[{"embeddable":true,"href":"https:\/\/www.ksi-bauer-schraube.de\/wordpress\/wp-json\/wp\/v2\/pages\/24"}],"wp:attachment":[{"href":"https:\/\/www.ksi-bauer-schraube.de\/wordpress\/wp-json\/wp\/v2\/media?parent=435"}],"curies":[{"name":"wp","href":"https:\/\/api.w.org\/{rel}","templated":true}]}}