{"id":439,"date":"2012-04-11T13:38:21","date_gmt":"2012-04-11T13:38:21","guid":{"rendered":"http:\/\/www.ksi-bauer-schraube.de\/wordpress\/?page_id=439"},"modified":"2017-01-19T15:09:05","modified_gmt":"2017-01-19T15:09:05","slug":"implantatauswahl-ksi-1","status":"publish","type":"page","link":"https:\/\/www.ksi-bauer-schraube.de\/wordpress\/systeme\/ksi-i\/implantatauswahl-ksi-1\/","title":{"rendered":"Implantatauswahl KSI I"},"content":{"rendered":"<div class=\"wpb-content-wrapper\"><p>[vc_row top=&#8220;0px&#8220; bottom=&#8220;10px&#8220;][vc_column width=&#8220;1\/3&#8243;][vc_single_image image=&#8220;1195&#8243; img_size=&#8220;250&#215;250&#8243; style=&#8220;vc_box_border&#8220;][\/vc_column][vc_column width=&#8220;2\/3&#8243;][vc_column_text]<\/p>\n<h1 style=\"color: #eb0772;\">Implantatauswahl<\/h1>\n<h3>KSI-Implantate decken alle Indikationen ab<\/h3>\n<p>[\/vc_column_text][vc_column_text]<\/p>\n<h3>Implantatgr\u00f6\u00dfe<\/h3>\n<p>Die Auswahl der Implantatgr\u00f6\u00dfe richtet sich prim\u00e4r nach dem Knochenangebot. Eine gro\u00dfe Implantatpalette erm\u00f6glicht die Implantation im ortst\u00e4ndigen Knochen sowohl bei geringem vertikalen, als auch bei geringem horizontalen Angebot, wodurch eine Augmentation h\u00e4ufig umgangen werden kann.<br \/>\nEntscheidend f\u00fcr die Aufnahme des Kaudruckes ist eine ausreichend gro\u00dfe Implantatoberfl\u00e4che, was \u00fcber die Variable, L\u00e4nge oder Durchmesser, erreicht wird.<\/p>\n<h3>Implantatanzahl<\/h3>\n<p>Die Anzahl der Implantate richtet sich nach der<br \/>\ngew\u00fcnschten Konstruktion in Abh\u00e4ngigkeit von der Knochenqualit\u00e4t.[\/vc_column_text][\/vc_column][\/vc_row]<\/p>\n<\/div>","protected":false},"excerpt":{"rendered":"<p>[vc_row top=&#8220;0px&#8220; bottom=&#8220;10px&#8220;][vc_column width=&#8220;1\/3&#8243;][vc_single_image image=&#8220;1195&#8243; img_size=&#8220;250&#215;250&#8243; style=&#8220;vc_box_border&#8220;][\/vc_column][vc_column width=&#8220;2\/3&#8243;][vc_column_text] Implantatauswahl KSI-Implantate decken alle Indikationen ab [\/vc_column_text][vc_column_text] Implantatgr\u00f6\u00dfe Die Auswahl der Implantatgr\u00f6\u00dfe richtet sich prim\u00e4r nach dem Knochenangebot. Eine gro\u00dfe Implantatpalette erm\u00f6glicht die Implantation im ortst\u00e4ndigen Knochen sowohl bei geringem vertikalen, als auch bei geringem horizontalen Angebot, wodurch eine Augmentation h\u00e4ufig umgangen werden kann. Entscheidend f\u00fcr die [&hellip;]<\/p>\n","protected":false},"author":1,"featured_media":0,"parent":24,"menu_order":3,"comment_status":"open","ping_status":"open","template":"page-left-sidebar.php","meta":{"footnotes":""},"_links":{"self":[{"href":"https:\/\/www.ksi-bauer-schraube.de\/wordpress\/wp-json\/wp\/v2\/pages\/439"}],"collection":[{"href":"https:\/\/www.ksi-bauer-schraube.de\/wordpress\/wp-json\/wp\/v2\/pages"}],"about":[{"href":"https:\/\/www.ksi-bauer-schraube.de\/wordpress\/wp-json\/wp\/v2\/types\/page"}],"author":[{"embeddable":true,"href":"https:\/\/www.ksi-bauer-schraube.de\/wordpress\/wp-json\/wp\/v2\/users\/1"}],"replies":[{"embeddable":true,"href":"https:\/\/www.ksi-bauer-schraube.de\/wordpress\/wp-json\/wp\/v2\/comments?post=439"}],"version-history":[{"count":19,"href":"https:\/\/www.ksi-bauer-schraube.de\/wordpress\/wp-json\/wp\/v2\/pages\/439\/revisions"}],"predecessor-version":[{"id":552,"href":"https:\/\/www.ksi-bauer-schraube.de\/wordpress\/wp-json\/wp\/v2\/pages\/439\/revisions\/552"}],"up":[{"embeddable":true,"href":"https:\/\/www.ksi-bauer-schraube.de\/wordpress\/wp-json\/wp\/v2\/pages\/24"}],"wp:attachment":[{"href":"https:\/\/www.ksi-bauer-schraube.de\/wordpress\/wp-json\/wp\/v2\/media?parent=439"}],"curies":[{"name":"wp","href":"https:\/\/api.w.org\/{rel}","templated":true}]}}