{"id":56,"date":"2012-04-06T13:26:47","date_gmt":"2012-04-06T13:26:47","guid":{"rendered":"http:\/\/www.ksi-bauer-schraube.de\/wordpress\/?page_id=56"},"modified":"2017-01-20T11:34:57","modified_gmt":"2017-01-20T11:34:57","slug":"impressum","status":"publish","type":"page","link":"https:\/\/www.ksi-bauer-schraube.de\/wordpress\/impressum\/","title":{"rendered":"Impressum"},"content":{"rendered":"<h1>Impressum<\/h1>\n<p><b>KSI Bauer-Schraube<br \/>\nKeramisches Dental-Labor GmbH<br \/>\nAbteilung Schraubenimplantat<br \/>\nSchulungs- und Fortbildungszentrum<\/b><\/p>\n<p>Eleonorenring 14 \u00b7 61231 Bad Nauheim<br \/>\nTelefon: +49 6032 31912 \u00b7 Fax: +49 6032 4507<br \/>\nE-Mail: info@ksi-bauer-schraube.de<\/p>\n<p>Hessen Amtsgericht Friedberg HRB 339<\/p>\n<p><b>Rechtliche Hinweise zur Webseite<\/b><\/p>\n<p>Alle Texte, Bilder und weitere hier ver\u00f6ffentlichten Informationen unterliegen dem Urheberrecht des Seitenbetreibers, soweit nicht Urheberrechte Dritter bestehen. In jedem Fall ist eine Vervielf\u00e4ltigung, Verbreitung oder \u00f6ffentliche Wiedergabe ausschlie\u00dflich im Falle einer widerruflichen und nicht \u00fcbertragbaren Zustimmung des Seitenbetreibers gestattet.<\/p>\n<p>Linksetzungen, welche auf die Inhalte der vorliegenden Website verweisen, bed\u00fcrfen der Zustimmung des Seitenbetreibers. Eine solche Zustimmung ist bei jeder grundlegenden Ver\u00e4nderung des Webseiteninhaltes neu zu beantragen, sie kann jederzeit formlos widerrufen werden. Eine Verlinkung auf illegale, anst\u00f6\u00dfige, irref\u00fchrende, diffamierende oder nicht jugendfreie Inhalte ist in jedem Fall ausgeschlossen.<\/p>\n<p>Die Inhalte unserer Webseite werden mit gr\u00f6\u00dfter Sorgfalt erstellt. Dennoch kann keine Garantie f\u00fcr Aktualit\u00e4t und Vollst\u00e4ndigkeit \u00fcbernommen werden.<\/p>\n<p>F\u00fcr alle mittels Querverweis (Link) verbundene Webinhalte \u00fcbernimmt der Seitenbetreiber keine Verantwortung, da es sich dabei um keine eigenen Inhalte handelt. Externe Links wurden auf rechtswidrige Inhalte \u00fcberpr\u00fcft, zum jeweiligen Zeitpunkt waren solche nicht erkennbar. Bez\u00fcglich fremder Inhalte besteht jedoch keine allgemeine \u00dcberwachungs- und Pr\u00fcfungspflicht.<br \/>\nAufgef\u00fchrte Warenzeichen und Markennamen sind Eigentum ihrer jeweiligen Inhaber.<\/p>\n<p>Webentwicklung &amp; Design<br \/>\n<a title=\"Webdesign - jfmediendesign.de \" href=\"http:\/\/jfmediendesign.de\" target=\"_blank\">jfediendesign.de<\/a><\/p>\n","protected":false},"excerpt":{"rendered":"<p>Impressum KSI Bauer-Schraube Keramisches Dental-Labor GmbH Abteilung Schraubenimplantat Schulungs- und Fortbildungszentrum Eleonorenring 14 \u00b7 61231 Bad Nauheim Telefon: +49 6032 31912 \u00b7 Fax: +49 6032 4507 E-Mail: info@ksi-bauer-schraube.de Hessen Amtsgericht Friedberg HRB 339 Rechtliche Hinweise zur Webseite Alle Texte, Bilder und weitere hier ver\u00f6ffentlichten Informationen unterliegen dem Urheberrecht des Seitenbetreibers, soweit nicht Urheberrechte Dritter bestehen. [&hellip;]<\/p>\n","protected":false},"author":1,"featured_media":0,"parent":0,"menu_order":0,"comment_status":"open","ping_status":"open","template":"","meta":{"footnotes":""},"_links":{"self":[{"href":"https:\/\/www.ksi-bauer-schraube.de\/wordpress\/wp-json\/wp\/v2\/pages\/56"}],"collection":[{"href":"https:\/\/www.ksi-bauer-schraube.de\/wordpress\/wp-json\/wp\/v2\/pages"}],"about":[{"href":"https:\/\/www.ksi-bauer-schraube.de\/wordpress\/wp-json\/wp\/v2\/types\/page"}],"author":[{"embeddable":true,"href":"https:\/\/www.ksi-bauer-schraube.de\/wordpress\/wp-json\/wp\/v2\/users\/1"}],"replies":[{"embeddable":true,"href":"https:\/\/www.ksi-bauer-schraube.de\/wordpress\/wp-json\/wp\/v2\/comments?post=56"}],"version-history":[{"count":10,"href":"https:\/\/www.ksi-bauer-schraube.de\/wordpress\/wp-json\/wp\/v2\/pages\/56\/revisions"}],"predecessor-version":[{"id":1643,"href":"https:\/\/www.ksi-bauer-schraube.de\/wordpress\/wp-json\/wp\/v2\/pages\/56\/revisions\/1643"}],"wp:attachment":[{"href":"https:\/\/www.ksi-bauer-schraube.de\/wordpress\/wp-json\/wp\/v2\/media?parent=56"}],"curies":[{"name":"wp","href":"https:\/\/api.w.org\/{rel}","templated":true}]}}