{"id":621,"date":"2012-04-12T13:03:02","date_gmt":"2012-04-12T13:03:02","guid":{"rendered":"http:\/\/www.ksi-bauer-schraube.de\/wordpress\/?page_id=621"},"modified":"2017-01-19T17:17:13","modified_gmt":"2017-01-19T17:17:13","slug":"systemvorteile-ksi-ii","status":"publish","type":"page","link":"https:\/\/www.ksi-bauer-schraube.de\/wordpress\/systeme\/ksi-ii\/systemvorteile-ksi-ii\/","title":{"rendered":"Systemvorteile KSI II"},"content":{"rendered":"<div class=\"wpb-content-wrapper\"><p>[vc_row top=&#8220;0px&#8220; bottom=&#8220;20px&#8220;][vc_column][vc_column_text]<\/p>\n<h2 style=\"color: #eb0772;\">Systemvorteile KSI II<\/h2>\n<h3>Vorteil durch Zweiteiligkeit<\/h3>\n<p>Das neue KSI Schraubenimplantat II ist eine konsequente Weiterentwicklung, die in der Grundidee auf dem seit 30 Jahren bew\u00e4hrten Gewinde der Kompressionsschraube I basiert. Die Hauptmerkmale des patentierten Makrogewindes wurden in das zweiphasige System integriert. Entwickelt wurde es f\u00fcr die speziellen F\u00e4lle bei welchen die Implantate absolut belastungsfrei einheilen m\u00fcssen, wie z. B.<\/p>\n<p>[\/vc_column_text][vc_empty_space height=&#8220;10px&#8220;][vc_list_item icon_name=&#8220;fa-chevron-right&#8220; icon_color=&#8220;#3399ff&#8220;]Extrem gro\u00dfmaschiger Knochen[\/vc_list_item][vc_list_item icon_name=&#8220;fa-chevron-right&#8220; icon_color=&#8220;#3399ff&#8220;]Gro\u00dffl\u00e4chige Augmentationen[\/vc_list_item][vc_list_item icon_name=&#8220;fa-chevron-right&#8220; icon_color=&#8220;#3399ff&#8220;]Interner Sinuslift[\/vc_list_item][vc_list_item icon_name=&#8220;fa-chevron-right&#8220; icon_color=&#8220;#3399ff&#8220;]Simultane Implantation bei externem Sinuslift[\/vc_list_item][vc_empty_space height=&#8220;20px&#8220;][vc_separator style=&#8220;simple&#8220;][vc_empty_space height=&#8220;20px&#8220;][vc_column_text]<\/p>\n<h3>Bakteriendichte Implantat-Abutment-Verbindung<\/h3>\n<p>Bei dem neuen KSI II System wurde bei der Entwicklung der konischen Implantatabutmentverbindung besonders auf die Stabilit\u00e4t und die mikrospaltfreie Verbindung geachtet. Der konische Teil der Abutmentverbindung setzt auf den Gegenkonus des Implantates auf und stabilisiert das System zus\u00e4tzlich. Innenkonturen des Implantates zur Aufnahme der Sechskant-Abutmentverbindung, sowie der Verbindungsschraube sind spielfrei und mit h\u00f6chster Pr\u00e4zision gefertigt.<\/p>\n<p>Um die Innenkonturen vor m\u00f6glichen insertionsbedingten Besch\u00e4digungen zu sichern, wird das neue KSI II System mit montierten Abdruckpfosten und Transporthilfe dem Implantologen zur Verf\u00fcgung gestellt. Das garantiert eine genaue Insertion, da die Verbindung in sich und zum Insertionsinstrument spielfrei ist. Damit ist die Herabsetzung der Pr\u00e4zision in der Verbindung ausgeschlossen. Eine sichere Platzierung des Implantates ist somit risikolos durchzuf\u00fchren.[\/vc_column_text][vc_empty_space height=&#8220;20px&#8220;][vc_separator style=&#8220;simple&#8220;][\/vc_column][\/vc_row][vc_row top=&#8220;0px&#8220; bottom=&#8220;10px&#8220;][vc_column width=&#8220;1\/2&#8243;][vc_single_image image=&#8220;483&#8243; img_size=&#8220;full&#8220; style=&#8220;vc_box_border&#8220;][\/vc_column][vc_column width=&#8220;1\/2&#8243;][vc_column_text]<\/p>\n<h3>Spezielles Implantatgewinde<\/h3>\n<p>Das spezielle Gewindedesign in seiner wurzelanalogen konischen Form wurde auch bei dem neuen System aufgegriffen. Auch hier erreicht man durch die unterdimensionierte Implantatbettaufbereitung im Verh\u00e4ltnis zu dem speziellen Kompressionsgewinde eine Verdichtung der Spongiosa und somit prim\u00e4re Stabilit\u00e4t.<\/p>\n<p>F\u00fcr den D3, D4 Knochen wurde das KSI II Implantat mit einem Microgewinde im crestalen Bereich konzipiert.[\/vc_column_text][\/vc_column][\/vc_row][vc_row top=&#8220;10px&#8220; bottom=&#8220;10px&#8220;][vc_column][vc_separator style=&#8220;simple&#8220;][\/vc_column][\/vc_row][vc_row top=&#8220;20px&#8220; bottom=&#8220;10px&#8220;][vc_column width=&#8220;1\/2&#8243;][vc_single_image image=&#8220;486&#8243; img_size=&#8220;full&#8220; style=&#8220;vc_box_border&#8220;][\/vc_column][vc_column width=&#8220;1\/2&#8243;][vc_column_text]<\/p>\n<h3>Bew\u00e4hrte Implantatoberfl\u00e4che<\/h3>\n<p>Das KSI II Implantat wird aus Titan (TI 6-4 ELI) gefertigt. Die Implantatoberfl\u00e4chenstruktur wurde vom bew\u00e4hrten System \u00fcbernommen, s\u00e4urege\u00e4zt und aluminiumgestrahlt.[\/vc_column_text][\/vc_column][\/vc_row][vc_row top=&#8220;10px&#8220; bottom=&#8220;10px&#8220;][vc_column][vc_separator style=&#8220;simple&#8220;][\/vc_column][\/vc_row][vc_row top=&#8220;10px&#8220; bottom=&#8220;10px&#8220;][vc_column][vc_column_text]<\/p>\n<h3>Neues Microgewinde<\/h3>\n<p>Das neue Feingewinde im krestalen Bereich vergr\u00f6\u00dfert die Kontaktfl\u00e4che zum Knochen und erzeugt dadurch auch bei schlechten Knochenverh\u00e4ltnissen optimale Prim\u00e4rstabilit\u00e4t. Auch sorgt es f\u00fcr eine gleichm\u00e4\u00dfige Belastung im cortikalen Bereich, da sch\u00e4dliche Spannungsspitzen vermieden werden.[\/vc_column_text][\/vc_column][\/vc_row]<\/p>\n<\/div>","protected":false},"excerpt":{"rendered":"<p>[vc_row top=&#8220;0px&#8220; bottom=&#8220;20px&#8220;][vc_column][vc_column_text] Systemvorteile KSI II Vorteil durch Zweiteiligkeit Das neue KSI Schraubenimplantat II ist eine konsequente Weiterentwicklung, die in der Grundidee auf dem seit 30 Jahren bew\u00e4hrten Gewinde der Kompressionsschraube I basiert. Die Hauptmerkmale des patentierten Makrogewindes wurden in das zweiphasige System integriert. Entwickelt wurde es f\u00fcr die speziellen F\u00e4lle bei welchen die Implantate [&hellip;]<\/p>\n","protected":false},"author":1,"featured_media":0,"parent":26,"menu_order":0,"comment_status":"open","ping_status":"open","template":"page-left-sidebar.php","meta":{"footnotes":""},"_links":{"self":[{"href":"https:\/\/www.ksi-bauer-schraube.de\/wordpress\/wp-json\/wp\/v2\/pages\/621"}],"collection":[{"href":"https:\/\/www.ksi-bauer-schraube.de\/wordpress\/wp-json\/wp\/v2\/pages"}],"about":[{"href":"https:\/\/www.ksi-bauer-schraube.de\/wordpress\/wp-json\/wp\/v2\/types\/page"}],"author":[{"embeddable":true,"href":"https:\/\/www.ksi-bauer-schraube.de\/wordpress\/wp-json\/wp\/v2\/users\/1"}],"replies":[{"embeddable":true,"href":"https:\/\/www.ksi-bauer-schraube.de\/wordpress\/wp-json\/wp\/v2\/comments?post=621"}],"version-history":[{"count":38,"href":"https:\/\/www.ksi-bauer-schraube.de\/wordpress\/wp-json\/wp\/v2\/pages\/621\/revisions"}],"predecessor-version":[{"id":1592,"href":"https:\/\/www.ksi-bauer-schraube.de\/wordpress\/wp-json\/wp\/v2\/pages\/621\/revisions\/1592"}],"up":[{"embeddable":true,"href":"https:\/\/www.ksi-bauer-schraube.de\/wordpress\/wp-json\/wp\/v2\/pages\/26"}],"wp:attachment":[{"href":"https:\/\/www.ksi-bauer-schraube.de\/wordpress\/wp-json\/wp\/v2\/media?parent=621"}],"curies":[{"name":"wp","href":"https:\/\/api.w.org\/{rel}","templated":true}]}}