{"id":623,"date":"2012-04-12T13:04:08","date_gmt":"2012-04-12T13:04:08","guid":{"rendered":"http:\/\/www.ksi-bauer-schraube.de\/wordpress\/?page_id=623"},"modified":"2017-01-19T17:39:41","modified_gmt":"2017-01-19T17:39:41","slug":"vorgehensweise-ksi-ii","status":"publish","type":"page","link":"https:\/\/www.ksi-bauer-schraube.de\/wordpress\/systeme\/ksi-ii\/vorgehensweise-ksi-ii\/","title":{"rendered":"Vorgehensweise KSI II"},"content":{"rendered":"<div class=\"wpb-content-wrapper\"><p>[vc_row top=&#8220;0px&#8220; bottom=&#8220;10px&#8220;][vc_column][vc_custom_heading text=&#8220;Vorgehensweise KSI II&#8220; font_container=&#8220;tag:h3|text_align:left|color:%23eb0772&#8243; use_theme_fonts=&#8220;yes&#8220;][\/vc_column][\/vc_row][vc_row top=&#8220;0px&#8220; bottom=&#8220;10px&#8220;][vc_column width=&#8220;1\/3&#8243;][vc_single_image image=&#8220;559&#8243; img_size=&#8220;130&#215;188&#8243; style=&#8220;vc_box_border&#8220;][\/vc_column][vc_column width=&#8220;2\/3&#8243;][vc_empty_space height=&#8220;62px&#8220;][vc_custom_heading text=&#8220;K\u00f6rnung der Kortikalis und Initialbohrung mit dem Pilotbohrer gelb.&#8220; font_container=&#8220;tag:h4|text_align:left&#8220; use_theme_fonts=&#8220;yes&#8220;][\/vc_column][\/vc_row][vc_row top=&#8220;10px&#8220; bottom=&#8220;10px&#8220;][vc_column][vc_separator style=&#8220;simple&#8220;][\/vc_column][\/vc_row][vc_row top=&#8220;10px&#8220; bottom=&#8220;10px&#8220;][vc_column width=&#8220;1\/3&#8243;][vc_single_image image=&#8220;567&#8243; img_size=&#8220;130&#215;188&#8243; style=&#8220;vc_box_border&#8220;][\/vc_column][vc_column width=&#8220;2\/3&#8243;][vc_empty_space height=&#8220;42px&#8220;][vc_custom_heading text=&#8220;Abgeschlossene Initialbohrung auf die gesamte Gewindel\u00e4nge (Bohrtiefe beachten). Dabei dient der gelbe Pilotbohrer zur \u00dcberpr\u00fcfung der Ausrichtung und zur R\u00f6ntgenkontrolle.&#8220; font_container=&#8220;tag:h4|text_align:left&#8220; use_theme_fonts=&#8220;yes&#8220;][\/vc_column][\/vc_row][vc_row top=&#8220;10px&#8220; bottom=&#8220;10px&#8220;][vc_column][vc_separator style=&#8220;simple&#8220;][\/vc_column][\/vc_row][vc_row top=&#8220;10px&#8220; bottom=&#8220;10px&#8220;][vc_column width=&#8220;1\/3&#8243;][vc_single_image image=&#8220;570&#8243; img_size=&#8220;130&#215;188&#8243; style=&#8220;vc_box_border&#8220;][\/vc_column][vc_column width=&#8220;2\/3&#8243;][vc_empty_space height=&#8220;22px&#8220;][vc_custom_heading text=&#8220;Finalbohrung nach entsprechender Bohrersequenz schafft eine unterdimensionierte Knochenkavit\u00e4t im Verh\u00e4ltnis zum Implantatdurchmesser, gemessen an D2-Knochenqualit\u00e4t. Bei D1 bzw. D3 Knochenqualit\u00e4t wird das Implantatbett \u00fcber- bzw. unterdimensioniert aufbereitet.&#8220; font_container=&#8220;tag:h4|text_align:left&#8220; use_theme_fonts=&#8220;yes&#8220;][\/vc_column][\/vc_row][vc_row top=&#8220;10px&#8220; bottom=&#8220;10px&#8220;][vc_column][vc_separator style=&#8220;simple&#8220;][\/vc_column][\/vc_row][vc_row top=&#8220;10px&#8220; bottom=&#8220;10px&#8220;][vc_column width=&#8220;1\/3&#8243;][vc_single_image image=&#8220;646&#8243; img_size=&#8220;130&#215;188&#8243; style=&#8220;vc_box_border&#8220;][\/vc_column][vc_column width=&#8220;2\/3&#8243;][vc_empty_space height=&#8220;62px&#8220;][vc_custom_heading text=&#8220;Zur Erweiterung der Cortikalis im Bereich des Mikrogewindes wird das Implantatbett mit entsprechenden Crestalbohrer zus\u00e4tzlich aufbereitet.&#8220; font_container=&#8220;tag:h4|text_align:left&#8220; use_theme_fonts=&#8220;yes&#8220;][\/vc_column][\/vc_row][vc_row top=&#8220;10px&#8220; bottom=&#8220;10px&#8220;][vc_column][vc_separator style=&#8220;simple&#8220;][\/vc_column][\/vc_row][vc_row top=&#8220;10px&#8220; bottom=&#8220;10px&#8220;][vc_column width=&#8220;1\/3&#8243;][vc_single_image image=&#8220;647&#8243; img_size=&#8220;130&#215;188&#8243; style=&#8220;vc_box_border&#8220;][\/vc_column][vc_column width=&#8220;2\/3&#8243;][vc_empty_space height=&#8220;42px&#8220;][vc_custom_heading text=&#8220;Initiale Insertion des Implantates mit der Einbringhilfe aus der Sterilverpackung.&#8220; font_container=&#8220;tag:h4|text_align:left&#8220; use_theme_fonts=&#8220;yes&#8220;][\/vc_column][\/vc_row][vc_row top=&#8220;10px&#8220; bottom=&#8220;10px&#8220;][vc_column][vc_separator style=&#8220;simple&#8220;][\/vc_column][\/vc_row][vc_row top=&#8220;10px&#8220; bottom=&#8220;10px&#8220;][vc_column width=&#8220;1\/3&#8243;][vc_single_image image=&#8220;648&#8243; img_size=&#8220;130&#215;188&#8243; style=&#8220;vc_box_border&#8220;][\/vc_column][vc_column width=&#8220;2\/3&#8243;][vc_empty_space height=&#8220;62px&#8220;][vc_custom_heading text=&#8220;Weitere Insertion mit dem F\u00fchrungsschl\u00fcssel oder der Drehmomentratsche unter zunehmender Kompression.&#8220; font_container=&#8220;tag:h4|text_align:left&#8220; use_theme_fonts=&#8220;yes&#8220;][\/vc_column][\/vc_row][vc_row top=&#8220;10px&#8220; bottom=&#8220;10px&#8220;][vc_column][vc_separator style=&#8220;simple&#8220;][\/vc_column][\/vc_row][vc_row top=&#8220;10px&#8220; bottom=&#8220;10px&#8220;][vc_column width=&#8220;1\/3&#8243;][vc_single_image image=&#8220;649&#8243; img_size=&#8220;130&#215;188&#8243; style=&#8220;vc_box_border&#8220;][\/vc_column][vc_column width=&#8220;2\/3&#8243;][vc_empty_space height=&#8220;62px&#8220;][vc_custom_heading text=&#8220;Die Endposition ist erreicht, wenn das oberste Gewinde unter dem Lingus alveolares versenkt ist und die maximale Kompression 60 ncm betr\u00e4gt.&#8220; font_container=&#8220;tag:h4|text_align:left&#8220; use_theme_fonts=&#8220;yes&#8220;][\/vc_column][\/vc_row]<\/p>\n<\/div>","protected":false},"excerpt":{"rendered":"<p>[vc_row top=&#8220;0px&#8220; bottom=&#8220;10px&#8220;][vc_column][vc_custom_heading text=&#8220;Vorgehensweise KSI II&#8220; font_container=&#8220;tag:h3|text_align:left|color:%23eb0772&#8243; use_theme_fonts=&#8220;yes&#8220;][\/vc_column][\/vc_row][vc_row top=&#8220;0px&#8220; bottom=&#8220;10px&#8220;][vc_column width=&#8220;1\/3&#8243;][vc_single_image image=&#8220;559&#8243; img_size=&#8220;130&#215;188&#8243; style=&#8220;vc_box_border&#8220;][\/vc_column][vc_column width=&#8220;2\/3&#8243;][vc_empty_space height=&#8220;62px&#8220;][vc_custom_heading text=&#8220;K\u00f6rnung der Kortikalis und Initialbohrung mit dem Pilotbohrer gelb.&#8220; font_container=&#8220;tag:h4|text_align:left&#8220; use_theme_fonts=&#8220;yes&#8220;][\/vc_column][\/vc_row][vc_row top=&#8220;10px&#8220; bottom=&#8220;10px&#8220;][vc_column][vc_separator style=&#8220;simple&#8220;][\/vc_column][\/vc_row][vc_row top=&#8220;10px&#8220; bottom=&#8220;10px&#8220;][vc_column width=&#8220;1\/3&#8243;][vc_single_image image=&#8220;567&#8243; img_size=&#8220;130&#215;188&#8243; style=&#8220;vc_box_border&#8220;][\/vc_column][vc_column width=&#8220;2\/3&#8243;][vc_empty_space height=&#8220;42px&#8220;][vc_custom_heading text=&#8220;Abgeschlossene Initialbohrung auf die gesamte Gewindel\u00e4nge (Bohrtiefe beachten). Dabei dient der gelbe Pilotbohrer zur \u00dcberpr\u00fcfung der Ausrichtung [&hellip;]<\/p>\n","protected":false},"author":1,"featured_media":0,"parent":26,"menu_order":1,"comment_status":"open","ping_status":"open","template":"page-left-sidebar.php","meta":{"footnotes":""},"_links":{"self":[{"href":"https:\/\/www.ksi-bauer-schraube.de\/wordpress\/wp-json\/wp\/v2\/pages\/623"}],"collection":[{"href":"https:\/\/www.ksi-bauer-schraube.de\/wordpress\/wp-json\/wp\/v2\/pages"}],"about":[{"href":"https:\/\/www.ksi-bauer-schraube.de\/wordpress\/wp-json\/wp\/v2\/types\/page"}],"author":[{"embeddable":true,"href":"https:\/\/www.ksi-bauer-schraube.de\/wordpress\/wp-json\/wp\/v2\/users\/1"}],"replies":[{"embeddable":true,"href":"https:\/\/www.ksi-bauer-schraube.de\/wordpress\/wp-json\/wp\/v2\/comments?post=623"}],"version-history":[{"count":11,"href":"https:\/\/www.ksi-bauer-schraube.de\/wordpress\/wp-json\/wp\/v2\/pages\/623\/revisions"}],"predecessor-version":[{"id":642,"href":"https:\/\/www.ksi-bauer-schraube.de\/wordpress\/wp-json\/wp\/v2\/pages\/623\/revisions\/642"}],"up":[{"embeddable":true,"href":"https:\/\/www.ksi-bauer-schraube.de\/wordpress\/wp-json\/wp\/v2\/pages\/26"}],"wp:attachment":[{"href":"https:\/\/www.ksi-bauer-schraube.de\/wordpress\/wp-json\/wp\/v2\/media?parent=623"}],"curies":[{"name":"wp","href":"https:\/\/api.w.org\/{rel}","templated":true}]}}