{"id":625,"date":"2012-04-12T13:05:13","date_gmt":"2012-04-12T13:05:13","guid":{"rendered":"http:\/\/www.ksi-bauer-schraube.de\/wordpress\/?page_id=625"},"modified":"2017-01-19T17:41:34","modified_gmt":"2017-01-19T17:41:34","slug":"implantattypen-ksi-ii","status":"publish","type":"page","link":"https:\/\/www.ksi-bauer-schraube.de\/wordpress\/systeme\/ksi-ii\/implantattypen-ksi-ii\/","title":{"rendered":"Implantattypen KSI II"},"content":{"rendered":"<h2 style=\"color:#eb0772;\">Implantattypen<\/h2>\n<p>Das KSI II System besteht aus zwei Durchmessern (3,7 und 4,1), sowie<br \/>\nverschiedenen Implantatl\u00e4ngen (10, 12, 15).<\/p>\n<p>Als Abutmentauswahl sind gerade Pfosten, 18 \u00b0 Pfosten und Kugelkopfaufbauten erh\u00e4ltlich.  Die konische Aufnahmestruktur f\u00fcr Abutments im oberen Umfang des Implantatk\u00f6rpers, sowie die M\u00f6glichkeit zwischen Platform-Switching oder Non-Platform-Switching zu entscheiden, macht das neue System variabel. In Verbindung mit verschiedensten Abutment-Typen sind praktisch alle Indikatioinen bei optimiertem Prothetik-Sortiment zu versorgen.<\/p>\n<p>Mit Ausnahme der Bits f\u00fcr Insertionen und Prothetikteile ist das Grundinstrumentarium KSI I kompartible auch f\u00fcr das zweiteilige System.<\/p>\n<p>Anwender des einphasigen KSI II Systems k\u00f6nnen die Bohrer weiter benutzen, und ben\u00f6tigen lediglich f\u00fcr harten Knochen zus\u00e4tzlich einen konischen Erweiterungsbohrer.<\/p>\n","protected":false},"excerpt":{"rendered":"<p>Implantattypen Das KSI II System besteht aus zwei Durchmessern (3,7 und 4,1), sowie verschiedenen Implantatl\u00e4ngen (10, 12, 15). Als Abutmentauswahl sind gerade Pfosten, 18 \u00b0 Pfosten und Kugelkopfaufbauten erh\u00e4ltlich. Die konische Aufnahmestruktur f\u00fcr Abutments im oberen Umfang des Implantatk\u00f6rpers, sowie die M\u00f6glichkeit zwischen Platform-Switching oder Non-Platform-Switching zu entscheiden, macht das neue System variabel. In Verbindung [&hellip;]<\/p>\n","protected":false},"author":1,"featured_media":0,"parent":26,"menu_order":2,"comment_status":"open","ping_status":"open","template":"page-left-sidebar.php","meta":{"footnotes":""},"_links":{"self":[{"href":"https:\/\/www.ksi-bauer-schraube.de\/wordpress\/wp-json\/wp\/v2\/pages\/625"}],"collection":[{"href":"https:\/\/www.ksi-bauer-schraube.de\/wordpress\/wp-json\/wp\/v2\/pages"}],"about":[{"href":"https:\/\/www.ksi-bauer-schraube.de\/wordpress\/wp-json\/wp\/v2\/types\/page"}],"author":[{"embeddable":true,"href":"https:\/\/www.ksi-bauer-schraube.de\/wordpress\/wp-json\/wp\/v2\/users\/1"}],"replies":[{"embeddable":true,"href":"https:\/\/www.ksi-bauer-schraube.de\/wordpress\/wp-json\/wp\/v2\/comments?post=625"}],"version-history":[{"count":12,"href":"https:\/\/www.ksi-bauer-schraube.de\/wordpress\/wp-json\/wp\/v2\/pages\/625\/revisions"}],"predecessor-version":[{"id":654,"href":"https:\/\/www.ksi-bauer-schraube.de\/wordpress\/wp-json\/wp\/v2\/pages\/625\/revisions\/654"}],"up":[{"embeddable":true,"href":"https:\/\/www.ksi-bauer-schraube.de\/wordpress\/wp-json\/wp\/v2\/pages\/26"}],"wp:attachment":[{"href":"https:\/\/www.ksi-bauer-schraube.de\/wordpress\/wp-json\/wp\/v2\/media?parent=625"}],"curies":[{"name":"wp","href":"https:\/\/api.w.org\/{rel}","templated":true}]}}